{"id":6781,"date":"2025-07-18T18:32:49","date_gmt":"2025-07-18T21:32:49","guid":{"rendered":"https:\/\/papazoweb.com\/br\/?page_id=6781"},"modified":"2025-07-18T18:35:37","modified_gmt":"2025-07-18T21:35:37","slug":"politica-de-privacidade","status":"publish","type":"page","link":"https:\/\/papazoweb.com\/br\/politica-de-privacidade\/","title":{"rendered":"Pol\u00edtica de Privacidade"},"content":{"rendered":"\t\t<div data-elementor-type=\"wp-page\" data-elementor-id=\"6781\" class=\"elementor elementor-6781\" data-elementor-post-type=\"page\">\n\t\t\t\t<div class=\"elementor-element elementor-element-9f7e1d1 e-flex e-con-boxed e-con e-parent\" data-id=\"9f7e1d1\" data-element_type=\"container\" data-e-type=\"container\">\n\t\t\t\t\t<div class=\"e-con-inner\">\n\t\t\t\t<div class=\"elementor-element elementor-element-9c236b0 elementor-widget elementor-widget-heading\" data-id=\"9c236b0\" data-element_type=\"widget\" data-e-type=\"widget\" data-widget_type=\"heading.default\">\n\t\t\t\t\t<h2 class=\"elementor-heading-title elementor-size-default\">Pol\u00edtica de Privacidade<\/h2>\t\t\t\t<\/div>\n\t\t\t\t<div class=\"elementor-element elementor-element-f175172 elementor-widget elementor-widget-text-editor\" data-id=\"f175172\" data-element_type=\"widget\" data-e-type=\"widget\" data-widget_type=\"text-editor.default\">\n\t\t\t\t\t\t\t\t\t<p data-start=\"219\" data-end=\"262\"><strong data-start=\"219\" data-end=\"262\">\u00daltima atualiza\u00e7\u00e3o: 18 de julho de 2024<\/strong><\/p><p data-start=\"264\" data-end=\"444\">A sua privacidade \u00e9 importante para n\u00f3s. Esta Pol\u00edtica de Privacidade descreve como coletamos, usamos e protegemos as informa\u00e7\u00f5es dos usu\u00e1rios que acessam o site <strong data-start=\"426\" data-end=\"443\">papazoweb.com<\/strong>.<\/p><hr data-start=\"446\" data-end=\"449\" \/><h4 data-start=\"451\" data-end=\"483\">1. Coleta de Dados Pessoais<\/h4><p data-start=\"485\" data-end=\"599\">Coletamos os seguintes dados pessoais fornecidos voluntariamente pelos usu\u00e1rios por meio do formul\u00e1rio de contato:<\/p><ul data-start=\"600\" data-end=\"615\"><li data-start=\"600\" data-end=\"606\"><p data-start=\"602\" data-end=\"606\">Nome<\/p><\/li><li data-start=\"607\" data-end=\"615\"><p data-start=\"609\" data-end=\"615\">E-mail<\/p><\/li><\/ul><p data-start=\"617\" data-end=\"721\">Al\u00e9m disso, utilizamos o <strong data-start=\"642\" data-end=\"662\">Google Analytics<\/strong> para coletar dados de navega\u00e7\u00e3o de forma autom\u00e1tica, como:<\/p><ul data-start=\"722\" data-end=\"810\"><li data-start=\"722\" data-end=\"735\"><p data-start=\"724\" data-end=\"735\">Endere\u00e7o IP<\/p><\/li><li data-start=\"736\" data-end=\"769\"><p data-start=\"738\" data-end=\"769\">Tipo de dispositivo e navegador<\/p><\/li><li data-start=\"770\" data-end=\"789\"><p data-start=\"772\" data-end=\"789\">P\u00e1ginas acessadas<\/p><\/li><li data-start=\"790\" data-end=\"810\"><p data-start=\"792\" data-end=\"810\">Tempo de navega\u00e7\u00e3o<\/p><\/li><\/ul><p data-start=\"812\" data-end=\"955\">Esses dados s\u00e3o coletados com o objetivo de entender como os visitantes interagem com o site e melhorar continuamente a experi\u00eancia do usu\u00e1rio.<\/p><hr data-start=\"957\" data-end=\"960\" \/><h4 data-start=\"962\" data-end=\"990\">2. Finalidade da Coleta<\/h4><p data-start=\"992\" data-end=\"1040\">Os dados coletados t\u00eam as seguintes finalidades:<\/p><ul data-start=\"1041\" data-end=\"1213\"><li data-start=\"1041\" data-end=\"1138\"><p data-start=\"1043\" data-end=\"1138\">Responder \u00e0s mensagens e solicita\u00e7\u00f5es enviadas pelos usu\u00e1rios atrav\u00e9s do formul\u00e1rio de contato.<\/p><\/li><li data-start=\"1139\" data-end=\"1213\"><p data-start=\"1141\" data-end=\"1213\">Analisar o tr\u00e1fego e o desempenho do site com o uso do Google Analytics.<\/p><\/li><\/ul><p data-start=\"1215\" data-end=\"1349\">N\u00e3o utilizamos os dados para envio de newsletters, campanhas de marketing ou qualquer outra finalidade sem o seu consentimento pr\u00e9vio.<\/p><hr data-start=\"1351\" data-end=\"1354\" \/><h4 data-start=\"1356\" data-end=\"1389\">3. Compartilhamento de Dados<\/h4><p data-start=\"1391\" data-end=\"1557\">Seus dados <strong data-start=\"1402\" data-end=\"1454\">n\u00e3o s\u00e3o vendidos ou compartilhados com terceiros<\/strong>, exceto quando necess\u00e1rio para opera\u00e7\u00e3o do site e an\u00e1lise de tr\u00e1fego, como no uso do Google Analytics.<\/p><hr data-start=\"1559\" data-end=\"1562\" \/><h4 data-start=\"1564\" data-end=\"1579\">4. Cookies<\/h4><p data-start=\"1581\" data-end=\"1749\">Este site utiliza cookies do Google Analytics para coletar informa\u00e7\u00f5es estat\u00edsticas sobre o uso do site. Ao continuar navegando, voc\u00ea consente com o uso desses cookies.<\/p><p data-start=\"1751\" data-end=\"1830\">Voc\u00ea pode desativar os cookies nas configura\u00e7\u00f5es do seu navegador, se preferir.<\/p><hr data-start=\"1832\" data-end=\"1835\" \/><h4 data-start=\"1837\" data-end=\"1864\">5. Direitos do Usu\u00e1rio<\/h4><p data-start=\"1866\" data-end=\"1947\">De acordo com a <strong data-start=\"1882\" data-end=\"1923\">Lei Geral de Prote\u00e7\u00e3o de Dados (LGPD)<\/strong>, voc\u00ea tem o direito de:<\/p><ul data-start=\"1948\" data-end=\"2053\"><li data-start=\"1948\" data-end=\"2004\"><p data-start=\"1950\" data-end=\"2004\">Solicitar acesso, corre\u00e7\u00e3o ou exclus\u00e3o dos seus dados.<\/p><\/li><li data-start=\"2005\" data-end=\"2053\"><p data-start=\"2007\" data-end=\"2053\">Retirar seu consentimento, a qualquer momento.<\/p><\/li><\/ul><p data-start=\"2055\" data-end=\"2147\">Para exercer esses direitos, entre em contato conosco pelo e-mail: <strong data-start=\"2122\" data-end=\"2147\"><a class=\"cursor-pointer\" rel=\"noopener\" data-start=\"2124\" data-end=\"2145\">contato@papazoweb.com<\/a><\/strong><\/p><hr data-start=\"2149\" data-end=\"2152\" \/><h4 data-start=\"2154\" data-end=\"2181\">6. Seguran\u00e7a dos Dados<\/h4><p data-start=\"2183\" data-end=\"2309\">Tomamos medidas t\u00e9cnicas e organizacionais para proteger suas informa\u00e7\u00f5es contra perda, uso indevido ou acesso n\u00e3o autorizado.<\/p><hr data-start=\"2311\" data-end=\"2314\" \/><h4 data-start=\"2316\" data-end=\"2349\">7. Altera\u00e7\u00f5es nesta Pol\u00edtica<\/h4><p data-start=\"2351\" data-end=\"2510\">Podemos atualizar esta Pol\u00edtica de Privacidade periodicamente. Recomendamos que voc\u00ea revise esta p\u00e1gina com frequ\u00eancia para estar ciente de quaisquer mudan\u00e7as.<\/p><hr data-start=\"2512\" data-end=\"2515\" \/><p data-start=\"2517\" data-end=\"2604\"><strong data-start=\"2517\" data-end=\"2539\">Em caso de d\u00favidas<\/strong>, entre em contato conosco pelo e-mail: <strong data-start=\"2579\" data-end=\"2604\"><a class=\"cursor-pointer\" rel=\"noopener\" data-start=\"2581\" data-end=\"2602\">contato@papazoweb.com<\/a><\/strong><\/p>\t\t\t\t\t\t\t\t<\/div>\n\t\t\t\t\t<\/div>\n\t\t\t\t<\/div>\n\t\t\t\t<\/div>\n\t\t","protected":false},"excerpt":{"rendered":"<p>Pol\u00edtica de Privacidade \u00daltima atualiza\u00e7\u00e3o: 18 de julho de 2024 A sua privacidade \u00e9 importante para n\u00f3s. Esta Pol\u00edtica de Privacidade descreve como coletamos, usamos e protegemos as informa\u00e7\u00f5es dos usu\u00e1rios que acessam o site papazoweb.com. 1. Coleta de Dados Pessoais Coletamos os seguintes dados pessoais fornecidos voluntariamente pelos usu\u00e1rios por meio do formul\u00e1rio de [&hellip;]<\/p>\n","protected":false},"author":1,"featured_media":0,"parent":0,"menu_order":0,"comment_status":"closed","ping_status":"closed","template":"","meta":{"_joinchat":[],"footnotes":""},"class_list":["post-6781","page","type-page","status-publish","hentry"],"yoast_head":"<!-- This site is optimized with the Yoast SEO plugin v27.1.1 - https:\/\/yoast.com\/product\/yoast-seo-wordpress\/ -->\n<title>Pol\u00edtica de Privacidade - PapazoWeb<\/title>\n<meta name=\"robots\" content=\"index, follow, max-snippet:-1, max-image-preview:large, max-video-preview:-1\" \/>\n<link rel=\"canonical\" href=\"https:\/\/papazoweb.com\/br\/politica-de-privacidade\/\" \/>\n<meta property=\"og:locale\" content=\"pt_BR\" \/>\n<meta property=\"og:type\" content=\"article\" \/>\n<meta property=\"og:title\" content=\"Pol\u00edtica de Privacidade - PapazoWeb\" \/>\n<meta property=\"og:description\" content=\"Pol\u00edtica de Privacidade \u00daltima atualiza\u00e7\u00e3o: 18 de julho de 2024 A sua privacidade \u00e9 importante para n\u00f3s. Esta Pol\u00edtica de Privacidade descreve como coletamos, usamos e protegemos as informa\u00e7\u00f5es dos usu\u00e1rios que acessam o site papazoweb.com. 1. Coleta de Dados Pessoais Coletamos os seguintes dados pessoais fornecidos voluntariamente pelos usu\u00e1rios por meio do formul\u00e1rio de [&hellip;]\" \/>\n<meta property=\"og:url\" content=\"https:\/\/papazoweb.com\/br\/politica-de-privacidade\/\" \/>\n<meta property=\"og:site_name\" content=\"PapazoWeb\" \/>\n<meta property=\"article:publisher\" content=\"https:\/\/www.facebook.com\/papazoweb\" \/>\n<meta property=\"article:modified_time\" content=\"2025-07-18T21:35:37+00:00\" \/>\n<meta name=\"twitter:card\" content=\"summary_large_image\" \/>\n<meta name=\"twitter:label1\" content=\"Est. tempo de leitura\" \/>\n\t<meta name=\"twitter:data1\" content=\"2 minutos\" \/>\n<script type=\"application\/ld+json\" class=\"yoast-schema-graph\">{\"@context\":\"https:\/\/schema.org\",\"@graph\":[{\"@type\":\"WebPage\",\"@id\":\"https:\/\/papazoweb.com\/br\/politica-de-privacidade\/\",\"url\":\"https:\/\/papazoweb.com\/br\/politica-de-privacidade\/\",\"name\":\"Pol\u00edtica de Privacidade - PapazoWeb\",\"isPartOf\":{\"@id\":\"https:\/\/papazoweb.com\/br\/#website\"},\"datePublished\":\"2025-07-18T21:32:49+00:00\",\"dateModified\":\"2025-07-18T21:35:37+00:00\",\"breadcrumb\":{\"@id\":\"https:\/\/papazoweb.com\/br\/politica-de-privacidade\/#breadcrumb\"},\"inLanguage\":\"pt-BR\",\"potentialAction\":[{\"@type\":\"ReadAction\",\"target\":[\"https:\/\/papazoweb.com\/br\/politica-de-privacidade\/\"]}]},{\"@type\":\"BreadcrumbList\",\"@id\":\"https:\/\/papazoweb.com\/br\/politica-de-privacidade\/#breadcrumb\",\"itemListElement\":[{\"@type\":\"ListItem\",\"position\":1,\"name\":\"In\u00edcio\",\"item\":\"https:\/\/papazoweb.com\/br\/\"},{\"@type\":\"ListItem\",\"position\":2,\"name\":\"Pol\u00edtica de Privacidade\"}]},{\"@type\":\"WebSite\",\"@id\":\"https:\/\/papazoweb.com\/br\/#website\",\"url\":\"https:\/\/papazoweb.com\/br\/\",\"name\":\"PapazoWeb\",\"description\":\"\",\"publisher\":{\"@id\":\"https:\/\/papazoweb.com\/br\/#organization\"},\"potentialAction\":[{\"@type\":\"SearchAction\",\"target\":{\"@type\":\"EntryPoint\",\"urlTemplate\":\"https:\/\/papazoweb.com\/br\/?s={search_term_string}\"},\"query-input\":{\"@type\":\"PropertyValueSpecification\",\"valueRequired\":true,\"valueName\":\"search_term_string\"}}],\"inLanguage\":\"pt-BR\"},{\"@type\":\"Organization\",\"@id\":\"https:\/\/papazoweb.com\/br\/#organization\",\"name\":\"PapazoWeb\",\"url\":\"https:\/\/papazoweb.com\/br\/\",\"logo\":{\"@type\":\"ImageObject\",\"inLanguage\":\"pt-BR\",\"@id\":\"https:\/\/papazoweb.com\/br\/#\/schema\/logo\/image\/\",\"url\":\"https:\/\/papazoweb.com\/br\/wp-content\/uploads\/2025\/07\/papazoweb.png\",\"contentUrl\":\"https:\/\/papazoweb.com\/br\/wp-content\/uploads\/2025\/07\/papazoweb.png\",\"width\":512,\"height\":512,\"caption\":\"PapazoWeb\"},\"image\":{\"@id\":\"https:\/\/papazoweb.com\/br\/#\/schema\/logo\/image\/\"},\"sameAs\":[\"https:\/\/www.facebook.com\/papazoweb\",\"https:\/\/www.instagram.com\/rafael.martin_webdesigner\/\"]}]}<\/script>\n<!-- \/ Yoast SEO plugin. -->","yoast_head_json":{"title":"Pol\u00edtica de Privacidade - PapazoWeb","robots":{"index":"index","follow":"follow","max-snippet":"max-snippet:-1","max-image-preview":"max-image-preview:large","max-video-preview":"max-video-preview:-1"},"canonical":"https:\/\/papazoweb.com\/br\/politica-de-privacidade\/","og_locale":"pt_BR","og_type":"article","og_title":"Pol\u00edtica de Privacidade - PapazoWeb","og_description":"Pol\u00edtica de Privacidade \u00daltima atualiza\u00e7\u00e3o: 18 de julho de 2024 A sua privacidade \u00e9 importante para n\u00f3s. Esta Pol\u00edtica de Privacidade descreve como coletamos, usamos e protegemos as informa\u00e7\u00f5es dos usu\u00e1rios que acessam o site papazoweb.com. 1. Coleta de Dados Pessoais Coletamos os seguintes dados pessoais fornecidos voluntariamente pelos usu\u00e1rios por meio do formul\u00e1rio de [&hellip;]","og_url":"https:\/\/papazoweb.com\/br\/politica-de-privacidade\/","og_site_name":"PapazoWeb","article_publisher":"https:\/\/www.facebook.com\/papazoweb","article_modified_time":"2025-07-18T21:35:37+00:00","twitter_card":"summary_large_image","twitter_misc":{"Est. tempo de leitura":"2 minutos"},"schema":{"@context":"https:\/\/schema.org","@graph":[{"@type":"WebPage","@id":"https:\/\/papazoweb.com\/br\/politica-de-privacidade\/","url":"https:\/\/papazoweb.com\/br\/politica-de-privacidade\/","name":"Pol\u00edtica de Privacidade - PapazoWeb","isPartOf":{"@id":"https:\/\/papazoweb.com\/br\/#website"},"datePublished":"2025-07-18T21:32:49+00:00","dateModified":"2025-07-18T21:35:37+00:00","breadcrumb":{"@id":"https:\/\/papazoweb.com\/br\/politica-de-privacidade\/#breadcrumb"},"inLanguage":"pt-BR","potentialAction":[{"@type":"ReadAction","target":["https:\/\/papazoweb.com\/br\/politica-de-privacidade\/"]}]},{"@type":"BreadcrumbList","@id":"https:\/\/papazoweb.com\/br\/politica-de-privacidade\/#breadcrumb","itemListElement":[{"@type":"ListItem","position":1,"name":"In\u00edcio","item":"https:\/\/papazoweb.com\/br\/"},{"@type":"ListItem","position":2,"name":"Pol\u00edtica de Privacidade"}]},{"@type":"WebSite","@id":"https:\/\/papazoweb.com\/br\/#website","url":"https:\/\/papazoweb.com\/br\/","name":"PapazoWeb","description":"","publisher":{"@id":"https:\/\/papazoweb.com\/br\/#organization"},"potentialAction":[{"@type":"SearchAction","target":{"@type":"EntryPoint","urlTemplate":"https:\/\/papazoweb.com\/br\/?s={search_term_string}"},"query-input":{"@type":"PropertyValueSpecification","valueRequired":true,"valueName":"search_term_string"}}],"inLanguage":"pt-BR"},{"@type":"Organization","@id":"https:\/\/papazoweb.com\/br\/#organization","name":"PapazoWeb","url":"https:\/\/papazoweb.com\/br\/","logo":{"@type":"ImageObject","inLanguage":"pt-BR","@id":"https:\/\/papazoweb.com\/br\/#\/schema\/logo\/image\/","url":"https:\/\/papazoweb.com\/br\/wp-content\/uploads\/2025\/07\/papazoweb.png","contentUrl":"https:\/\/papazoweb.com\/br\/wp-content\/uploads\/2025\/07\/papazoweb.png","width":512,"height":512,"caption":"PapazoWeb"},"image":{"@id":"https:\/\/papazoweb.com\/br\/#\/schema\/logo\/image\/"},"sameAs":["https:\/\/www.facebook.com\/papazoweb","https:\/\/www.instagram.com\/rafael.martin_webdesigner\/"]}]}},"_links":{"self":[{"href":"https:\/\/papazoweb.com\/br\/wp-json\/wp\/v2\/pages\/6781","targetHints":{"allow":["GET"]}}],"collection":[{"href":"https:\/\/papazoweb.com\/br\/wp-json\/wp\/v2\/pages"}],"about":[{"href":"https:\/\/papazoweb.com\/br\/wp-json\/wp\/v2\/types\/page"}],"author":[{"embeddable":true,"href":"https:\/\/papazoweb.com\/br\/wp-json\/wp\/v2\/users\/1"}],"replies":[{"embeddable":true,"href":"https:\/\/papazoweb.com\/br\/wp-json\/wp\/v2\/comments?post=6781"}],"version-history":[{"count":7,"href":"https:\/\/papazoweb.com\/br\/wp-json\/wp\/v2\/pages\/6781\/revisions"}],"predecessor-version":[{"id":6788,"href":"https:\/\/papazoweb.com\/br\/wp-json\/wp\/v2\/pages\/6781\/revisions\/6788"}],"wp:attachment":[{"href":"https:\/\/papazoweb.com\/br\/wp-json\/wp\/v2\/media?parent=6781"}],"curies":[{"name":"wp","href":"https:\/\/api.w.org\/{rel}","templated":true}]}}