{"id":6796,"date":"2025-07-18T18:39:20","date_gmt":"2025-07-18T21:39:20","guid":{"rendered":"https:\/\/papazoweb.com\/br\/?page_id=6796"},"modified":"2025-07-18T18:44:29","modified_gmt":"2025-07-18T21:44:29","slug":"termo-de-uso","status":"publish","type":"page","link":"https:\/\/papazoweb.com\/br\/termo-de-uso\/","title":{"rendered":"Termo de uso"},"content":{"rendered":"\t\t<div data-elementor-type=\"wp-page\" data-elementor-id=\"6796\" class=\"elementor elementor-6796\" data-elementor-post-type=\"page\">\n\t\t\t\t<div class=\"elementor-element elementor-element-4f28dde e-flex e-con-boxed e-con e-parent\" data-id=\"4f28dde\" data-element_type=\"container\" data-e-type=\"container\">\n\t\t\t\t\t<div class=\"e-con-inner\">\n\t\t\t\t<div class=\"elementor-element elementor-element-a1d2d79 elementor-widget elementor-widget-heading\" data-id=\"a1d2d79\" data-element_type=\"widget\" data-e-type=\"widget\" data-widget_type=\"heading.default\">\n\t\t\t\t\t<h2 class=\"elementor-heading-title elementor-size-default\">Termos de Uso<\/h2>\t\t\t\t<\/div>\n\t\t\t\t<div class=\"elementor-element elementor-element-f7a8903 elementor-widget elementor-widget-text-editor\" data-id=\"f7a8903\" data-element_type=\"widget\" data-e-type=\"widget\" data-widget_type=\"text-editor.default\">\n\t\t\t\t\t\t\t\t\t<p data-start=\"318\" data-end=\"361\"><strong data-start=\"318\" data-end=\"361\">\u00daltima atualiza\u00e7\u00e3o: 18 de julho de 2024<\/strong><\/p><p data-start=\"363\" data-end=\"554\">Bem-vindo ao site <strong data-start=\"381\" data-end=\"398\">papazoweb.com<\/strong>. Ao acessar este site, voc\u00ea concorda com os seguintes Termos de Uso. Caso n\u00e3o concorde com algum item, recomendamos que n\u00e3o utilize nossos servi\u00e7os online.<\/p><hr data-start=\"556\" data-end=\"559\" \/><h4 data-start=\"561\" data-end=\"585\">1. Objetivo do Site<\/h4><p data-start=\"587\" data-end=\"856\">O <strong data-start=\"589\" data-end=\"602\">PapazoWeb<\/strong> \u00e9 uma plataforma digital voltada \u00e0 divulga\u00e7\u00e3o de servi\u00e7os de cria\u00e7\u00e3o de sites, identidade visual, suporte t\u00e9cnico e outros servi\u00e7os digitais relacionados. Tamb\u00e9m servimos como vitrine de portf\u00f3lio e canal para envio de propostas comerciais e or\u00e7amentos.<\/p><hr data-start=\"858\" data-end=\"861\" \/><h4 data-start=\"863\" data-end=\"884\">2. Uso Permitido<\/h4><p data-start=\"886\" data-end=\"923\">Ao utilizar o site, voc\u00ea concorda em:<\/p><ul data-start=\"924\" data-end=\"1222\"><li data-start=\"924\" data-end=\"1010\"><p data-start=\"926\" data-end=\"1010\">Acessar e utilizar o conte\u00fado apenas para fins informativos ou de contato comercial.<\/p><\/li><li data-start=\"1011\" data-end=\"1093\"><p data-start=\"1013\" data-end=\"1093\">N\u00e3o reproduzir, copiar ou redistribuir qualquer conte\u00fado sem autoriza\u00e7\u00e3o pr\u00e9via.<\/p><\/li><li data-start=\"1094\" data-end=\"1222\"><p data-start=\"1096\" data-end=\"1222\">N\u00e3o utilizar o site para fins ilegais, abusivos, ou que possam causar preju\u00edzos a terceiros ou ao funcionamento da plataforma.<\/p><\/li><\/ul><hr data-start=\"1224\" data-end=\"1227\" \/><h4 data-start=\"1229\" data-end=\"1260\">3. Propriedade Intelectual<\/h4><p data-start=\"1262\" data-end=\"1506\">Todo o conte\u00fado presente neste site \u2014 incluindo textos, imagens, layouts, marcas e logotipos \u2014 \u00e9 de propriedade exclusiva do PapazoWeb ou utilizado sob licen\u00e7a. \u00c9 proibida sua reprodu\u00e7\u00e3o, modifica\u00e7\u00e3o ou distribui\u00e7\u00e3o sem autoriza\u00e7\u00e3o por escrito.<\/p><hr data-start=\"1508\" data-end=\"1511\" \/><h4 data-start=\"1513\" data-end=\"1556\">4. Solicita\u00e7\u00f5es Comerciais e Propostas<\/h4><p data-start=\"1558\" data-end=\"1768\">Ao preencher o formul\u00e1rio de contato, voc\u00ea poder\u00e1 receber uma resposta com or\u00e7amento, proposta ou comunica\u00e7\u00e3o comercial. A simples solicita\u00e7\u00e3o de or\u00e7amento n\u00e3o gera nenhuma obriga\u00e7\u00e3o contratual entre as partes.<\/p><hr data-start=\"1770\" data-end=\"1773\" \/><h4 data-start=\"1775\" data-end=\"1812\">5. Limita\u00e7\u00e3o de Responsabilidade<\/h4><p data-start=\"1814\" data-end=\"2024\">Fazemos o poss\u00edvel para manter as informa\u00e7\u00f5es atualizadas e precisas. No entanto, <strong data-start=\"1896\" data-end=\"1914\">n\u00e3o garantimos<\/strong> que o conte\u00fado esteja livre de erros, falhas ou interrup\u00e7\u00f5es. O uso do site \u00e9 de responsabilidade do usu\u00e1rio.<\/p><p data-start=\"2026\" data-end=\"2186\">N\u00e3o nos responsabilizamos por danos diretos ou indiretos resultantes do uso ou da impossibilidade de uso do site, nem por eventuais links externos de terceiros.<\/p><hr data-start=\"2188\" data-end=\"2191\" \/><h4 data-start=\"2193\" data-end=\"2222\">6. Altera\u00e7\u00f5es nos Termos<\/h4><p data-start=\"2224\" data-end=\"2380\">Podemos modificar estes Termos de Uso a qualquer momento, sem aviso pr\u00e9vio. Recomendamos que voc\u00ea revise esta p\u00e1gina regularmente para se manter atualizado.<\/p><hr data-start=\"2382\" data-end=\"2385\" \/><h4 data-start=\"2387\" data-end=\"2402\">7. Contato<\/h4><p data-start=\"2404\" data-end=\"2514\">Em caso de d\u00favidas, sugest\u00f5es ou solicita\u00e7\u00f5es, entre em contato conosco pelo e-mail: <strong data-start=\"2489\" data-end=\"2514\"><a class=\"cursor-pointer\" rel=\"noopener\" data-start=\"2491\" data-end=\"2512\">contato@papazoweb.com<\/a><\/strong><\/p>\t\t\t\t\t\t\t\t<\/div>\n\t\t\t\t\t<\/div>\n\t\t\t\t<\/div>\n\t\t\t\t<\/div>\n\t\t","protected":false},"excerpt":{"rendered":"<p>Termos de Uso \u00daltima atualiza\u00e7\u00e3o: 18 de julho de 2024 Bem-vindo ao site papazoweb.com. Ao acessar este site, voc\u00ea concorda com os seguintes Termos de Uso. Caso n\u00e3o concorde com algum item, recomendamos que n\u00e3o utilize nossos servi\u00e7os online. 1. Objetivo do Site O PapazoWeb \u00e9 uma plataforma digital voltada \u00e0 divulga\u00e7\u00e3o de servi\u00e7os de [&hellip;]<\/p>\n","protected":false},"author":1,"featured_media":0,"parent":0,"menu_order":0,"comment_status":"closed","ping_status":"closed","template":"elementor_header_footer","meta":{"_joinchat":[],"footnotes":""},"class_list":["post-6796","page","type-page","status-publish","hentry"],"yoast_head":"<!-- This site is optimized with the Yoast SEO plugin v27.1.1 - https:\/\/yoast.com\/product\/yoast-seo-wordpress\/ -->\n<title>Termo de uso - PapazoWeb<\/title>\n<meta name=\"robots\" content=\"index, follow, max-snippet:-1, max-image-preview:large, max-video-preview:-1\" \/>\n<link rel=\"canonical\" href=\"https:\/\/papazoweb.com\/br\/termo-de-uso\/\" \/>\n<meta property=\"og:locale\" content=\"pt_BR\" \/>\n<meta property=\"og:type\" content=\"article\" \/>\n<meta property=\"og:title\" content=\"Termo de uso - PapazoWeb\" \/>\n<meta property=\"og:description\" content=\"Termos de Uso \u00daltima atualiza\u00e7\u00e3o: 18 de julho de 2024 Bem-vindo ao site papazoweb.com. Ao acessar este site, voc\u00ea concorda com os seguintes Termos de Uso. Caso n\u00e3o concorde com algum item, recomendamos que n\u00e3o utilize nossos servi\u00e7os online. 1. Objetivo do Site O PapazoWeb \u00e9 uma plataforma digital voltada \u00e0 divulga\u00e7\u00e3o de servi\u00e7os de [&hellip;]\" \/>\n<meta property=\"og:url\" content=\"https:\/\/papazoweb.com\/br\/termo-de-uso\/\" \/>\n<meta property=\"og:site_name\" content=\"PapazoWeb\" \/>\n<meta property=\"article:publisher\" content=\"https:\/\/www.facebook.com\/papazoweb\" \/>\n<meta property=\"article:modified_time\" content=\"2025-07-18T21:44:29+00:00\" \/>\n<meta name=\"twitter:card\" content=\"summary_large_image\" \/>\n<meta name=\"twitter:label1\" content=\"Est. tempo de leitura\" \/>\n\t<meta name=\"twitter:data1\" content=\"2 minutos\" \/>\n<script type=\"application\/ld+json\" class=\"yoast-schema-graph\">{\"@context\":\"https:\/\/schema.org\",\"@graph\":[{\"@type\":\"WebPage\",\"@id\":\"https:\/\/papazoweb.com\/br\/termo-de-uso\/\",\"url\":\"https:\/\/papazoweb.com\/br\/termo-de-uso\/\",\"name\":\"Termo de uso - PapazoWeb\",\"isPartOf\":{\"@id\":\"https:\/\/papazoweb.com\/br\/#website\"},\"datePublished\":\"2025-07-18T21:39:20+00:00\",\"dateModified\":\"2025-07-18T21:44:29+00:00\",\"breadcrumb\":{\"@id\":\"https:\/\/papazoweb.com\/br\/termo-de-uso\/#breadcrumb\"},\"inLanguage\":\"pt-BR\",\"potentialAction\":[{\"@type\":\"ReadAction\",\"target\":[\"https:\/\/papazoweb.com\/br\/termo-de-uso\/\"]}]},{\"@type\":\"BreadcrumbList\",\"@id\":\"https:\/\/papazoweb.com\/br\/termo-de-uso\/#breadcrumb\",\"itemListElement\":[{\"@type\":\"ListItem\",\"position\":1,\"name\":\"In\u00edcio\",\"item\":\"https:\/\/papazoweb.com\/br\/\"},{\"@type\":\"ListItem\",\"position\":2,\"name\":\"Termo de uso\"}]},{\"@type\":\"WebSite\",\"@id\":\"https:\/\/papazoweb.com\/br\/#website\",\"url\":\"https:\/\/papazoweb.com\/br\/\",\"name\":\"PapazoWeb\",\"description\":\"\",\"publisher\":{\"@id\":\"https:\/\/papazoweb.com\/br\/#organization\"},\"potentialAction\":[{\"@type\":\"SearchAction\",\"target\":{\"@type\":\"EntryPoint\",\"urlTemplate\":\"https:\/\/papazoweb.com\/br\/?s={search_term_string}\"},\"query-input\":{\"@type\":\"PropertyValueSpecification\",\"valueRequired\":true,\"valueName\":\"search_term_string\"}}],\"inLanguage\":\"pt-BR\"},{\"@type\":\"Organization\",\"@id\":\"https:\/\/papazoweb.com\/br\/#organization\",\"name\":\"PapazoWeb\",\"url\":\"https:\/\/papazoweb.com\/br\/\",\"logo\":{\"@type\":\"ImageObject\",\"inLanguage\":\"pt-BR\",\"@id\":\"https:\/\/papazoweb.com\/br\/#\/schema\/logo\/image\/\",\"url\":\"https:\/\/papazoweb.com\/br\/wp-content\/uploads\/2025\/07\/papazoweb.png\",\"contentUrl\":\"https:\/\/papazoweb.com\/br\/wp-content\/uploads\/2025\/07\/papazoweb.png\",\"width\":512,\"height\":512,\"caption\":\"PapazoWeb\"},\"image\":{\"@id\":\"https:\/\/papazoweb.com\/br\/#\/schema\/logo\/image\/\"},\"sameAs\":[\"https:\/\/www.facebook.com\/papazoweb\",\"https:\/\/www.instagram.com\/rafael.martin_webdesigner\/\"]}]}<\/script>\n<!-- \/ Yoast SEO plugin. -->","yoast_head_json":{"title":"Termo de uso - PapazoWeb","robots":{"index":"index","follow":"follow","max-snippet":"max-snippet:-1","max-image-preview":"max-image-preview:large","max-video-preview":"max-video-preview:-1"},"canonical":"https:\/\/papazoweb.com\/br\/termo-de-uso\/","og_locale":"pt_BR","og_type":"article","og_title":"Termo de uso - PapazoWeb","og_description":"Termos de Uso \u00daltima atualiza\u00e7\u00e3o: 18 de julho de 2024 Bem-vindo ao site papazoweb.com. Ao acessar este site, voc\u00ea concorda com os seguintes Termos de Uso. Caso n\u00e3o concorde com algum item, recomendamos que n\u00e3o utilize nossos servi\u00e7os online. 1. Objetivo do Site O PapazoWeb \u00e9 uma plataforma digital voltada \u00e0 divulga\u00e7\u00e3o de servi\u00e7os de [&hellip;]","og_url":"https:\/\/papazoweb.com\/br\/termo-de-uso\/","og_site_name":"PapazoWeb","article_publisher":"https:\/\/www.facebook.com\/papazoweb","article_modified_time":"2025-07-18T21:44:29+00:00","twitter_card":"summary_large_image","twitter_misc":{"Est. tempo de leitura":"2 minutos"},"schema":{"@context":"https:\/\/schema.org","@graph":[{"@type":"WebPage","@id":"https:\/\/papazoweb.com\/br\/termo-de-uso\/","url":"https:\/\/papazoweb.com\/br\/termo-de-uso\/","name":"Termo de uso - PapazoWeb","isPartOf":{"@id":"https:\/\/papazoweb.com\/br\/#website"},"datePublished":"2025-07-18T21:39:20+00:00","dateModified":"2025-07-18T21:44:29+00:00","breadcrumb":{"@id":"https:\/\/papazoweb.com\/br\/termo-de-uso\/#breadcrumb"},"inLanguage":"pt-BR","potentialAction":[{"@type":"ReadAction","target":["https:\/\/papazoweb.com\/br\/termo-de-uso\/"]}]},{"@type":"BreadcrumbList","@id":"https:\/\/papazoweb.com\/br\/termo-de-uso\/#breadcrumb","itemListElement":[{"@type":"ListItem","position":1,"name":"In\u00edcio","item":"https:\/\/papazoweb.com\/br\/"},{"@type":"ListItem","position":2,"name":"Termo de uso"}]},{"@type":"WebSite","@id":"https:\/\/papazoweb.com\/br\/#website","url":"https:\/\/papazoweb.com\/br\/","name":"PapazoWeb","description":"","publisher":{"@id":"https:\/\/papazoweb.com\/br\/#organization"},"potentialAction":[{"@type":"SearchAction","target":{"@type":"EntryPoint","urlTemplate":"https:\/\/papazoweb.com\/br\/?s={search_term_string}"},"query-input":{"@type":"PropertyValueSpecification","valueRequired":true,"valueName":"search_term_string"}}],"inLanguage":"pt-BR"},{"@type":"Organization","@id":"https:\/\/papazoweb.com\/br\/#organization","name":"PapazoWeb","url":"https:\/\/papazoweb.com\/br\/","logo":{"@type":"ImageObject","inLanguage":"pt-BR","@id":"https:\/\/papazoweb.com\/br\/#\/schema\/logo\/image\/","url":"https:\/\/papazoweb.com\/br\/wp-content\/uploads\/2025\/07\/papazoweb.png","contentUrl":"https:\/\/papazoweb.com\/br\/wp-content\/uploads\/2025\/07\/papazoweb.png","width":512,"height":512,"caption":"PapazoWeb"},"image":{"@id":"https:\/\/papazoweb.com\/br\/#\/schema\/logo\/image\/"},"sameAs":["https:\/\/www.facebook.com\/papazoweb","https:\/\/www.instagram.com\/rafael.martin_webdesigner\/"]}]}},"_links":{"self":[{"href":"https:\/\/papazoweb.com\/br\/wp-json\/wp\/v2\/pages\/6796","targetHints":{"allow":["GET"]}}],"collection":[{"href":"https:\/\/papazoweb.com\/br\/wp-json\/wp\/v2\/pages"}],"about":[{"href":"https:\/\/papazoweb.com\/br\/wp-json\/wp\/v2\/types\/page"}],"author":[{"embeddable":true,"href":"https:\/\/papazoweb.com\/br\/wp-json\/wp\/v2\/users\/1"}],"replies":[{"embeddable":true,"href":"https:\/\/papazoweb.com\/br\/wp-json\/wp\/v2\/comments?post=6796"}],"version-history":[{"count":5,"href":"https:\/\/papazoweb.com\/br\/wp-json\/wp\/v2\/pages\/6796\/revisions"}],"predecessor-version":[{"id":6804,"href":"https:\/\/papazoweb.com\/br\/wp-json\/wp\/v2\/pages\/6796\/revisions\/6804"}],"wp:attachment":[{"href":"https:\/\/papazoweb.com\/br\/wp-json\/wp\/v2\/media?parent=6796"}],"curies":[{"name":"wp","href":"https:\/\/api.w.org\/{rel}","templated":true}]}}