{"id":6807,"date":"2025-07-18T18:49:43","date_gmt":"2025-07-18T21:49:43","guid":{"rendered":"https:\/\/papazoweb.com\/br\/?page_id=6807"},"modified":"2025-07-18T18:51:50","modified_gmt":"2025-07-18T21:51:50","slug":"politica-de-cookies","status":"publish","type":"page","link":"https:\/\/papazoweb.com\/br\/politica-de-cookies\/","title":{"rendered":"Pol\u00edtica de Cookies"},"content":{"rendered":"\t\t<div data-elementor-type=\"wp-page\" data-elementor-id=\"6807\" class=\"elementor elementor-6807\" data-elementor-post-type=\"page\">\n\t\t\t\t<div class=\"elementor-element elementor-element-b0fdeaa e-flex e-con-boxed e-con e-parent\" data-id=\"b0fdeaa\" data-element_type=\"container\" data-e-type=\"container\">\n\t\t\t\t\t<div class=\"e-con-inner\">\n\t\t\t\t<div class=\"elementor-element elementor-element-f0aab82 elementor-widget elementor-widget-heading\" data-id=\"f0aab82\" data-element_type=\"widget\" data-e-type=\"widget\" data-widget_type=\"heading.default\">\n\t\t\t\t\t<h2 class=\"elementor-heading-title elementor-size-default\">Pol\u00edtica de Cookies<\/h2>\t\t\t\t<\/div>\n\t\t\t\t<div class=\"elementor-element elementor-element-7639646 elementor-widget elementor-widget-text-editor\" data-id=\"7639646\" data-element_type=\"widget\" data-e-type=\"widget\" data-widget_type=\"text-editor.default\">\n\t\t\t\t\t\t\t\t\t<p data-start=\"242\" data-end=\"285\"><strong data-start=\"242\" data-end=\"285\">\u00daltima atualiza\u00e7\u00e3o: 18 de julho de 2024<\/strong><\/p><hr data-start=\"287\" data-end=\"290\" \/><h4 data-start=\"292\" data-end=\"318\">1. O que s\u00e3o cookies?<\/h4><p data-start=\"320\" data-end=\"548\">Cookies s\u00e3o pequenos arquivos de texto que s\u00e3o armazenados no seu navegador quando voc\u00ea visita um site. Eles ajudam o site a funcionar corretamente, melhoram a experi\u00eancia do usu\u00e1rio e permitem coletar informa\u00e7\u00f5es para an\u00e1lises.<\/p><hr data-start=\"550\" data-end=\"553\" \/><h4 data-start=\"555\" data-end=\"588\">2. Quais cookies utilizamos?<\/h4><p data-start=\"590\" data-end=\"649\">No papazoweb.com, utilizamos os seguintes tipos de cookies:<\/p><ul data-start=\"651\" data-end=\"1077\"><li data-start=\"651\" data-end=\"776\"><p data-start=\"653\" data-end=\"776\"><strong data-start=\"653\" data-end=\"676\">Cookies essenciais:<\/strong> necess\u00e1rios para o funcionamento b\u00e1sico do site, como manter a sess\u00e3o ativa e garantir a seguran\u00e7a.<\/p><\/li><li data-start=\"778\" data-end=\"1077\"><p data-start=\"780\" data-end=\"1077\"><strong data-start=\"780\" data-end=\"824\">Cookies de terceiros (Google Analytics):<\/strong> usados para coletar informa\u00e7\u00f5es sobre o uso do site, como n\u00famero de visitantes, p\u00e1ginas acessadas, dura\u00e7\u00e3o da visita e comportamento de navega\u00e7\u00e3o. Esses dados s\u00e3o coletados de forma an\u00f4nima e agregada, ou seja, n\u00e3o identificam pessoalmente os usu\u00e1rios.<\/p><\/li><\/ul><hr data-start=\"1079\" data-end=\"1082\" \/><h4 data-start=\"1084\" data-end=\"1114\">3. Finalidade dos cookies<\/h4><p data-start=\"1116\" data-end=\"1155\">Os cookies t\u00eam como objetivo principal:<\/p><ul data-start=\"1157\" data-end=\"1291\"><li data-start=\"1157\" data-end=\"1193\"><p data-start=\"1159\" data-end=\"1193\">Melhorar a funcionalidade do site.<\/p><\/li><li data-start=\"1195\" data-end=\"1291\"><p data-start=\"1197\" data-end=\"1291\">Analisar o tr\u00e1fego e o desempenho do site para oferecer uma melhor experi\u00eancia aos visitantes.<\/p><\/li><\/ul><hr data-start=\"1293\" data-end=\"1296\" \/><h4 data-start=\"1298\" data-end=\"1342\">4. Consentimento e controle dos cookies<\/h4><p data-start=\"1344\" data-end=\"1453\">Ao continuar navegando no papazoweb.com, voc\u00ea concorda com o uso de cookies conforme descrito nesta pol\u00edtica.<\/p><p data-start=\"1455\" data-end=\"1608\">Voc\u00ea pode controlar e\/ou desativar os cookies diretamente nas configura\u00e7\u00f5es do seu navegador. Veja abaixo como fazer isso nos navegadores mais populares:<\/p><ul data-start=\"1610\" data-end=\"1925\"><li data-start=\"1610\" data-end=\"1705\"><p data-start=\"1612\" data-end=\"1705\"><strong data-start=\"1612\" data-end=\"1630\">Google Chrome:<\/strong> Configura\u00e7\u00f5es &gt; Privacidade e seguran\u00e7a &gt; Cookies e outros dados do site<\/p><\/li><li data-start=\"1706\" data-end=\"1789\"><p data-start=\"1708\" data-end=\"1789\"><strong data-start=\"1708\" data-end=\"1728\">Mozilla Firefox:<\/strong> Op\u00e7\u00f5es &gt; Privacidade &amp; Seguran\u00e7a &gt; Cookies e dados do site<\/p><\/li><li data-start=\"1790\" data-end=\"1858\"><p data-start=\"1792\" data-end=\"1858\"><strong data-start=\"1792\" data-end=\"1811\">Microsoft Edge:<\/strong> Configura\u00e7\u00f5es &gt; Cookies e permiss\u00f5es do site<\/p><\/li><li data-start=\"1859\" data-end=\"1925\"><p data-start=\"1861\" data-end=\"1925\"><strong data-start=\"1861\" data-end=\"1872\">Safari:<\/strong> Prefer\u00eancias &gt; Privacidade &gt; Gerenciar dados do site<\/p><\/li><\/ul><hr data-start=\"1927\" data-end=\"1930\" \/><h4 data-start=\"1932\" data-end=\"1980\">5. Consequ\u00eancias da desativa\u00e7\u00e3o dos cookies<\/h4><p data-start=\"1982\" data-end=\"2248\">Caso voc\u00ea opte por desativar os cookies, algumas funcionalidades do site podem ficar limitadas ou n\u00e3o funcionar corretamente. Al\u00e9m disso, a an\u00e1lise de tr\u00e1fego pelo Google Analytics pode ser afetada, prejudicando nosso entendimento sobre a experi\u00eancia dos visitantes.<\/p><hr data-start=\"2250\" data-end=\"2253\" \/><h4 data-start=\"2255\" data-end=\"2301\">6. Atualiza\u00e7\u00f5es desta Pol\u00edtica de Cookies<\/h4><p data-start=\"2303\" data-end=\"2465\">Podemos atualizar esta pol\u00edtica periodicamente para refletir mudan\u00e7as em nossos processos ou na legisla\u00e7\u00e3o. Recomendamos que voc\u00ea revise esta p\u00e1gina regularmente.<\/p><hr data-start=\"2467\" data-end=\"2470\" \/><h4 data-start=\"2472\" data-end=\"2487\">7. Contato<\/h4><p data-start=\"2489\" data-end=\"2607\">Se voc\u00ea tiver d\u00favidas sobre nossa Pol\u00edtica de Cookies, entre em contato conosco pelo e-mail: <strong data-start=\"2582\" data-end=\"2607\"><a class=\"cursor-pointer\" rel=\"noopener\" data-start=\"2584\" data-end=\"2605\">contato@papazoweb.com<\/a><\/strong><\/p>\t\t\t\t\t\t\t\t<\/div>\n\t\t\t\t\t<\/div>\n\t\t\t\t<\/div>\n\t\t\t\t<\/div>\n\t\t","protected":false},"excerpt":{"rendered":"<p>Pol\u00edtica de Cookies \u00daltima atualiza\u00e7\u00e3o: 18 de julho de 2024 1. O que s\u00e3o cookies? Cookies s\u00e3o pequenos arquivos de texto que s\u00e3o armazenados no seu navegador quando voc\u00ea visita um site. Eles ajudam o site a funcionar corretamente, melhoram a experi\u00eancia do usu\u00e1rio e permitem coletar informa\u00e7\u00f5es para an\u00e1lises. 2. Quais cookies utilizamos? No [&hellip;]<\/p>\n","protected":false},"author":1,"featured_media":0,"parent":0,"menu_order":0,"comment_status":"closed","ping_status":"closed","template":"elementor_header_footer","meta":{"_joinchat":[],"footnotes":""},"class_list":["post-6807","page","type-page","status-publish","hentry"],"yoast_head":"<!-- This site is optimized with the Yoast SEO plugin v27.1.1 - https:\/\/yoast.com\/product\/yoast-seo-wordpress\/ -->\n<title>Pol\u00edtica de Cookies - PapazoWeb<\/title>\n<meta name=\"robots\" content=\"index, follow, max-snippet:-1, max-image-preview:large, max-video-preview:-1\" \/>\n<link rel=\"canonical\" href=\"https:\/\/papazoweb.com\/br\/politica-de-cookies\/\" \/>\n<meta property=\"og:locale\" content=\"pt_BR\" \/>\n<meta property=\"og:type\" content=\"article\" \/>\n<meta property=\"og:title\" content=\"Pol\u00edtica de Cookies - PapazoWeb\" \/>\n<meta property=\"og:description\" content=\"Pol\u00edtica de Cookies \u00daltima atualiza\u00e7\u00e3o: 18 de julho de 2024 1. O que s\u00e3o cookies? Cookies s\u00e3o pequenos arquivos de texto que s\u00e3o armazenados no seu navegador quando voc\u00ea visita um site. Eles ajudam o site a funcionar corretamente, melhoram a experi\u00eancia do usu\u00e1rio e permitem coletar informa\u00e7\u00f5es para an\u00e1lises. 2. Quais cookies utilizamos? No [&hellip;]\" \/>\n<meta property=\"og:url\" content=\"https:\/\/papazoweb.com\/br\/politica-de-cookies\/\" \/>\n<meta property=\"og:site_name\" content=\"PapazoWeb\" \/>\n<meta property=\"article:publisher\" content=\"https:\/\/www.facebook.com\/papazoweb\" \/>\n<meta property=\"article:modified_time\" content=\"2025-07-18T21:51:50+00:00\" \/>\n<meta name=\"twitter:card\" content=\"summary_large_image\" \/>\n<meta name=\"twitter:label1\" content=\"Est. tempo de leitura\" \/>\n\t<meta name=\"twitter:data1\" content=\"2 minutos\" \/>\n<script type=\"application\/ld+json\" class=\"yoast-schema-graph\">{\"@context\":\"https:\/\/schema.org\",\"@graph\":[{\"@type\":\"WebPage\",\"@id\":\"https:\/\/papazoweb.com\/br\/politica-de-cookies\/\",\"url\":\"https:\/\/papazoweb.com\/br\/politica-de-cookies\/\",\"name\":\"Pol\u00edtica de Cookies - PapazoWeb\",\"isPartOf\":{\"@id\":\"https:\/\/papazoweb.com\/br\/#website\"},\"datePublished\":\"2025-07-18T21:49:43+00:00\",\"dateModified\":\"2025-07-18T21:51:50+00:00\",\"breadcrumb\":{\"@id\":\"https:\/\/papazoweb.com\/br\/politica-de-cookies\/#breadcrumb\"},\"inLanguage\":\"pt-BR\",\"potentialAction\":[{\"@type\":\"ReadAction\",\"target\":[\"https:\/\/papazoweb.com\/br\/politica-de-cookies\/\"]}]},{\"@type\":\"BreadcrumbList\",\"@id\":\"https:\/\/papazoweb.com\/br\/politica-de-cookies\/#breadcrumb\",\"itemListElement\":[{\"@type\":\"ListItem\",\"position\":1,\"name\":\"In\u00edcio\",\"item\":\"https:\/\/papazoweb.com\/br\/\"},{\"@type\":\"ListItem\",\"position\":2,\"name\":\"Pol\u00edtica de Cookies\"}]},{\"@type\":\"WebSite\",\"@id\":\"https:\/\/papazoweb.com\/br\/#website\",\"url\":\"https:\/\/papazoweb.com\/br\/\",\"name\":\"PapazoWeb\",\"description\":\"\",\"publisher\":{\"@id\":\"https:\/\/papazoweb.com\/br\/#organization\"},\"potentialAction\":[{\"@type\":\"SearchAction\",\"target\":{\"@type\":\"EntryPoint\",\"urlTemplate\":\"https:\/\/papazoweb.com\/br\/?s={search_term_string}\"},\"query-input\":{\"@type\":\"PropertyValueSpecification\",\"valueRequired\":true,\"valueName\":\"search_term_string\"}}],\"inLanguage\":\"pt-BR\"},{\"@type\":\"Organization\",\"@id\":\"https:\/\/papazoweb.com\/br\/#organization\",\"name\":\"PapazoWeb\",\"url\":\"https:\/\/papazoweb.com\/br\/\",\"logo\":{\"@type\":\"ImageObject\",\"inLanguage\":\"pt-BR\",\"@id\":\"https:\/\/papazoweb.com\/br\/#\/schema\/logo\/image\/\",\"url\":\"https:\/\/papazoweb.com\/br\/wp-content\/uploads\/2025\/07\/papazoweb.png\",\"contentUrl\":\"https:\/\/papazoweb.com\/br\/wp-content\/uploads\/2025\/07\/papazoweb.png\",\"width\":512,\"height\":512,\"caption\":\"PapazoWeb\"},\"image\":{\"@id\":\"https:\/\/papazoweb.com\/br\/#\/schema\/logo\/image\/\"},\"sameAs\":[\"https:\/\/www.facebook.com\/papazoweb\",\"https:\/\/www.instagram.com\/rafael.martin_webdesigner\/\"]}]}<\/script>\n<!-- \/ Yoast SEO plugin. -->","yoast_head_json":{"title":"Pol\u00edtica de Cookies - PapazoWeb","robots":{"index":"index","follow":"follow","max-snippet":"max-snippet:-1","max-image-preview":"max-image-preview:large","max-video-preview":"max-video-preview:-1"},"canonical":"https:\/\/papazoweb.com\/br\/politica-de-cookies\/","og_locale":"pt_BR","og_type":"article","og_title":"Pol\u00edtica de Cookies - PapazoWeb","og_description":"Pol\u00edtica de Cookies \u00daltima atualiza\u00e7\u00e3o: 18 de julho de 2024 1. O que s\u00e3o cookies? Cookies s\u00e3o pequenos arquivos de texto que s\u00e3o armazenados no seu navegador quando voc\u00ea visita um site. Eles ajudam o site a funcionar corretamente, melhoram a experi\u00eancia do usu\u00e1rio e permitem coletar informa\u00e7\u00f5es para an\u00e1lises. 2. Quais cookies utilizamos? No [&hellip;]","og_url":"https:\/\/papazoweb.com\/br\/politica-de-cookies\/","og_site_name":"PapazoWeb","article_publisher":"https:\/\/www.facebook.com\/papazoweb","article_modified_time":"2025-07-18T21:51:50+00:00","twitter_card":"summary_large_image","twitter_misc":{"Est. tempo de leitura":"2 minutos"},"schema":{"@context":"https:\/\/schema.org","@graph":[{"@type":"WebPage","@id":"https:\/\/papazoweb.com\/br\/politica-de-cookies\/","url":"https:\/\/papazoweb.com\/br\/politica-de-cookies\/","name":"Pol\u00edtica de Cookies - PapazoWeb","isPartOf":{"@id":"https:\/\/papazoweb.com\/br\/#website"},"datePublished":"2025-07-18T21:49:43+00:00","dateModified":"2025-07-18T21:51:50+00:00","breadcrumb":{"@id":"https:\/\/papazoweb.com\/br\/politica-de-cookies\/#breadcrumb"},"inLanguage":"pt-BR","potentialAction":[{"@type":"ReadAction","target":["https:\/\/papazoweb.com\/br\/politica-de-cookies\/"]}]},{"@type":"BreadcrumbList","@id":"https:\/\/papazoweb.com\/br\/politica-de-cookies\/#breadcrumb","itemListElement":[{"@type":"ListItem","position":1,"name":"In\u00edcio","item":"https:\/\/papazoweb.com\/br\/"},{"@type":"ListItem","position":2,"name":"Pol\u00edtica de Cookies"}]},{"@type":"WebSite","@id":"https:\/\/papazoweb.com\/br\/#website","url":"https:\/\/papazoweb.com\/br\/","name":"PapazoWeb","description":"","publisher":{"@id":"https:\/\/papazoweb.com\/br\/#organization"},"potentialAction":[{"@type":"SearchAction","target":{"@type":"EntryPoint","urlTemplate":"https:\/\/papazoweb.com\/br\/?s={search_term_string}"},"query-input":{"@type":"PropertyValueSpecification","valueRequired":true,"valueName":"search_term_string"}}],"inLanguage":"pt-BR"},{"@type":"Organization","@id":"https:\/\/papazoweb.com\/br\/#organization","name":"PapazoWeb","url":"https:\/\/papazoweb.com\/br\/","logo":{"@type":"ImageObject","inLanguage":"pt-BR","@id":"https:\/\/papazoweb.com\/br\/#\/schema\/logo\/image\/","url":"https:\/\/papazoweb.com\/br\/wp-content\/uploads\/2025\/07\/papazoweb.png","contentUrl":"https:\/\/papazoweb.com\/br\/wp-content\/uploads\/2025\/07\/papazoweb.png","width":512,"height":512,"caption":"PapazoWeb"},"image":{"@id":"https:\/\/papazoweb.com\/br\/#\/schema\/logo\/image\/"},"sameAs":["https:\/\/www.facebook.com\/papazoweb","https:\/\/www.instagram.com\/rafael.martin_webdesigner\/"]}]}},"_links":{"self":[{"href":"https:\/\/papazoweb.com\/br\/wp-json\/wp\/v2\/pages\/6807","targetHints":{"allow":["GET"]}}],"collection":[{"href":"https:\/\/papazoweb.com\/br\/wp-json\/wp\/v2\/pages"}],"about":[{"href":"https:\/\/papazoweb.com\/br\/wp-json\/wp\/v2\/types\/page"}],"author":[{"embeddable":true,"href":"https:\/\/papazoweb.com\/br\/wp-json\/wp\/v2\/users\/1"}],"replies":[{"embeddable":true,"href":"https:\/\/papazoweb.com\/br\/wp-json\/wp\/v2\/comments?post=6807"}],"version-history":[{"count":7,"href":"https:\/\/papazoweb.com\/br\/wp-json\/wp\/v2\/pages\/6807\/revisions"}],"predecessor-version":[{"id":6816,"href":"https:\/\/papazoweb.com\/br\/wp-json\/wp\/v2\/pages\/6807\/revisions\/6816"}],"wp:attachment":[{"href":"https:\/\/papazoweb.com\/br\/wp-json\/wp\/v2\/media?parent=6807"}],"curies":[{"name":"wp","href":"https:\/\/api.w.org\/{rel}","templated":true}]}}