{"id":7605,"date":"2026-03-10T09:36:44","date_gmt":"2026-03-10T12:36:44","guid":{"rendered":"https:\/\/papazoweb.com\/br\/?page_id=7605"},"modified":"2026-03-11T12:11:54","modified_gmt":"2026-03-11T15:11:54","slug":"quem-somos","status":"publish","type":"page","link":"https:\/\/papazoweb.com\/br\/quem-somos\/","title":{"rendered":"Quem somos"},"content":{"rendered":"\t\t<div data-elementor-type=\"wp-page\" data-elementor-id=\"7605\" class=\"elementor elementor-7605\" data-elementor-post-type=\"page\">\n\t\t\t\t<div class=\"elementor-element elementor-element-1e5de5d e-flex e-con-boxed e-con e-parent\" data-id=\"1e5de5d\" data-element_type=\"container\" data-e-type=\"container\" data-settings=\"{&quot;background_background&quot;:&quot;classic&quot;}\">\n\t\t\t\t\t<div class=\"e-con-inner\">\n\t\t\t\t<div class=\"elementor-element elementor-element-caf4d06 elementor-widget elementor-widget-heading\" data-id=\"caf4d06\" data-element_type=\"widget\" data-e-type=\"widget\" data-widget_type=\"heading.default\">\n\t\t\t\t\t<h2 class=\"elementor-heading-title elementor-size-default\">Quem Somos<\/h2>\t\t\t\t<\/div>\n\t\t\t\t<div class=\"elementor-element elementor-element-91cc081 elementor-widget elementor-widget-text-editor\" data-id=\"91cc081\" data-element_type=\"widget\" data-e-type=\"widget\" data-widget_type=\"text-editor.default\">\n\t\t\t\t\t\t\t\t\t<p class=\"font-claude-response-body break-words whitespace-normal leading-[1.7]\">A PapazoWeb \u00e9 uma empresa especializada na cria\u00e7\u00e3o de sites profissionais para pequenas e m\u00e9dias empresas que desejam fortalecer sua presen\u00e7a na internet e atrair novos clientes.<\/p><p class=\"font-claude-response-body break-words whitespace-normal leading-[1.7]\">Nosso objetivo \u00e9 ajudar empresas a terem uma presen\u00e7a digital profissional, moderna e eficiente, por meio de sites bem estruturados, r\u00e1pidos e adaptados para todos os dispositivos.<\/p><p class=\"font-claude-response-body break-words whitespace-normal leading-[1.7]\">Acreditamos que hoje toda empresa precisa de um site que transmita credibilidade, profissionalismo e facilidade de contato, funcionando como uma verdadeira vitrine digital dispon\u00edvel 24 horas por dia.<\/p><p class=\"font-claude-response-body break-words whitespace-normal leading-[1.7]\">\u00a0<\/p>\t\t\t\t\t\t\t\t<\/div>\n\t\t\t\t<div class=\"elementor-element elementor-element-ee6a45d elementor-widget elementor-widget-image\" data-id=\"ee6a45d\" data-element_type=\"widget\" data-e-type=\"widget\" data-widget_type=\"image.default\">\n\t\t\t\t\t\t\t\t\t\t\t\t\t\t\t<img decoding=\"async\" src=\"https:\/\/papazoweb.com\/br\/wp-content\/uploads\/2026\/03\/papazoweb-quem-somos.png\" title=\"papazoweb-quem-somos\" alt=\"papazoweb-quem-somos\" loading=\"lazy\" \/>\t\t\t\t\t\t\t\t\t\t\t\t\t\t\t<\/div>\n\t\t\t\t<div class=\"elementor-element elementor-element-95f30ef elementor-widget elementor-widget-text-editor\" data-id=\"95f30ef\" data-element_type=\"widget\" data-e-type=\"widget\" data-widget_type=\"text-editor.default\">\n\t\t\t\t\t\t\t\t\t<p class=\"font-claude-response-body break-words whitespace-normal leading-[1.7]\">\u00a0<\/p><p class=\"font-claude-response-body break-words whitespace-normal leading-[1.7]\">Para isso, utilizamos <strong>WordPress com Elementor Pro<\/strong> \u2014 uma das combina\u00e7\u00f5es mais poderosas do mercado \u2014 que nos permite entregar projetos com <strong>design personalizado, alta performance e prazo reduzido<\/strong>, sem abrir m\u00e3o da qualidade. Com essa tecnologia, cada site fica f\u00e1cil de atualizar, seguro e preparado para crescer junto com o seu neg\u00f3cio.<\/p><p class=\"font-claude-response-body break-words whitespace-normal leading-[1.7]\">Trabalhamos com solu\u00e7\u00f5es como sites institucionais, landing pages, lojas virtuais e cat\u00e1logos de produtos, sempre focando em design moderno, boa experi\u00eancia para o usu\u00e1rio e estrutura preparada para aparecer nos mecanismos de busca como o Google.<\/p><p class=\"font-claude-response-body break-words whitespace-normal leading-[1.7]\">Cada projeto \u00e9 desenvolvido com aten\u00e7\u00e3o aos detalhes, buscando entender as necessidades de cada cliente para entregar um site que realmente represente a empresa e ajude no crescimento do neg\u00f3cio.<\/p><p class=\"font-claude-response-body break-words whitespace-normal leading-[1.7]\">Na PapazoWeb, acreditamos que a tecnologia deve ser simples, acess\u00edvel e \u00fatil \u2014 conectando neg\u00f3cios e clientes de forma profissional e eficiente.<\/p>\t\t\t\t\t\t\t\t<\/div>\n\t\t<div class=\"elementor-element elementor-element-cf47b01 e-con-full e-flex e-con e-child\" data-id=\"cf47b01\" data-element_type=\"container\" data-e-type=\"container\">\n\t\t\t\t<div class=\"elementor-element elementor-element-05c25c4 elementor-widget elementor-widget-text-editor\" data-id=\"05c25c4\" data-element_type=\"widget\" data-e-type=\"widget\" data-widget_type=\"text-editor.default\">\n\t\t\t\t\t\t\t\t\t<p><strong>Quem est\u00e1 por tr\u00e1s da PapazoWeb<\/strong><\/p><p>A PapazoWeb \u00e9 liderada por Rafael, profissional com experi\u00eancia em desenvolvimento web e solu\u00e7\u00f5es digitais para empresas. Seu objetivo \u00e9 ajudar neg\u00f3cios a terem uma presen\u00e7a online profissional e acess\u00edvel, utilizando tecnologias modernas e plataformas como WordPress.<\/p>\t\t\t\t\t\t\t\t<\/div>\n\t\t\t\t<div class=\"elementor-element elementor-element-34ce28e elementor-widget__width-initial elementor-widget elementor-widget-image\" data-id=\"34ce28e\" data-element_type=\"widget\" data-e-type=\"widget\" data-widget_type=\"image.default\">\n\t\t\t\t\t\t\t\t\t\t\t\t\t\t\t<img decoding=\"async\" width=\"150\" height=\"150\" src=\"https:\/\/papazoweb.com\/br\/wp-content\/uploads\/2026\/03\/QUEMSOMOS.jpg\" class=\"attachment-large size-large wp-image-7809\" alt=\"\" \/>\t\t\t\t\t\t\t\t\t\t\t\t\t\t\t<\/div>\n\t\t\t\t<\/div>\n\t\t\t\t\t<\/div>\n\t\t\t\t<\/div>\n\t\t\t\t<\/div>\n\t\t","protected":false},"excerpt":{"rendered":"<p>Quem Somos A PapazoWeb \u00e9 uma empresa especializada na cria\u00e7\u00e3o de sites profissionais para pequenas e m\u00e9dias empresas que desejam fortalecer sua presen\u00e7a na internet e atrair novos clientes. Nosso objetivo \u00e9 ajudar empresas a terem uma presen\u00e7a digital profissional, moderna e eficiente, por meio de sites bem estruturados, r\u00e1pidos e adaptados para todos os [&hellip;]<\/p>\n","protected":false},"author":1,"featured_media":0,"parent":0,"menu_order":0,"comment_status":"closed","ping_status":"closed","template":"","meta":{"_joinchat":[],"footnotes":""},"class_list":["post-7605","page","type-page","status-publish","hentry"],"yoast_head":"<!-- This site is optimized with the Yoast SEO plugin v27.1.1 - https:\/\/yoast.com\/product\/yoast-seo-wordpress\/ -->\n<title>Quem somos - PapazoWeb<\/title>\n<meta name=\"robots\" content=\"index, follow, max-snippet:-1, max-image-preview:large, max-video-preview:-1\" \/>\n<link rel=\"canonical\" href=\"https:\/\/papazoweb.com\/br\/quem-somos\/\" \/>\n<meta property=\"og:locale\" content=\"pt_BR\" \/>\n<meta property=\"og:type\" content=\"article\" \/>\n<meta property=\"og:title\" content=\"Quem somos - PapazoWeb\" \/>\n<meta property=\"og:description\" content=\"Quem Somos A PapazoWeb \u00e9 uma empresa especializada na cria\u00e7\u00e3o de sites profissionais para pequenas e m\u00e9dias empresas que desejam fortalecer sua presen\u00e7a na internet e atrair novos clientes. Nosso objetivo \u00e9 ajudar empresas a terem uma presen\u00e7a digital profissional, moderna e eficiente, por meio de sites bem estruturados, r\u00e1pidos e adaptados para todos os [&hellip;]\" \/>\n<meta property=\"og:url\" content=\"https:\/\/papazoweb.com\/br\/quem-somos\/\" \/>\n<meta property=\"og:site_name\" content=\"PapazoWeb\" \/>\n<meta property=\"article:publisher\" content=\"https:\/\/www.facebook.com\/papazoweb\" \/>\n<meta property=\"article:modified_time\" content=\"2026-03-11T15:11:54+00:00\" \/>\n<meta property=\"og:image\" content=\"https:\/\/papazoweb.com\/br\/wp-content\/uploads\/2026\/03\/papazoweb-quem-somos.png\" \/>\n<meta name=\"twitter:card\" content=\"summary_large_image\" \/>\n<meta name=\"twitter:label1\" content=\"Est. tempo de leitura\" \/>\n\t<meta name=\"twitter:data1\" content=\"2 minutos\" \/>\n<script type=\"application\/ld+json\" class=\"yoast-schema-graph\">{\"@context\":\"https:\/\/schema.org\",\"@graph\":[{\"@type\":\"WebPage\",\"@id\":\"https:\/\/papazoweb.com\/br\/quem-somos\/\",\"url\":\"https:\/\/papazoweb.com\/br\/quem-somos\/\",\"name\":\"Quem somos - PapazoWeb\",\"isPartOf\":{\"@id\":\"https:\/\/papazoweb.com\/br\/#website\"},\"primaryImageOfPage\":{\"@id\":\"https:\/\/papazoweb.com\/br\/quem-somos\/#primaryimage\"},\"image\":{\"@id\":\"https:\/\/papazoweb.com\/br\/quem-somos\/#primaryimage\"},\"thumbnailUrl\":\"https:\/\/papazoweb.com\/br\/wp-content\/uploads\/2026\/03\/papazoweb-quem-somos.png\",\"datePublished\":\"2026-03-10T12:36:44+00:00\",\"dateModified\":\"2026-03-11T15:11:54+00:00\",\"breadcrumb\":{\"@id\":\"https:\/\/papazoweb.com\/br\/quem-somos\/#breadcrumb\"},\"inLanguage\":\"pt-BR\",\"potentialAction\":[{\"@type\":\"ReadAction\",\"target\":[\"https:\/\/papazoweb.com\/br\/quem-somos\/\"]}]},{\"@type\":\"ImageObject\",\"inLanguage\":\"pt-BR\",\"@id\":\"https:\/\/papazoweb.com\/br\/quem-somos\/#primaryimage\",\"url\":\"https:\/\/papazoweb.com\/br\/wp-content\/uploads\/2026\/03\/papazoweb-quem-somos.png\",\"contentUrl\":\"https:\/\/papazoweb.com\/br\/wp-content\/uploads\/2026\/03\/papazoweb-quem-somos.png\",\"width\":1536,\"height\":1024},{\"@type\":\"BreadcrumbList\",\"@id\":\"https:\/\/papazoweb.com\/br\/quem-somos\/#breadcrumb\",\"itemListElement\":[{\"@type\":\"ListItem\",\"position\":1,\"name\":\"In\u00edcio\",\"item\":\"https:\/\/papazoweb.com\/br\/\"},{\"@type\":\"ListItem\",\"position\":2,\"name\":\"Quem somos\"}]},{\"@type\":\"WebSite\",\"@id\":\"https:\/\/papazoweb.com\/br\/#website\",\"url\":\"https:\/\/papazoweb.com\/br\/\",\"name\":\"PapazoWeb\",\"description\":\"\",\"publisher\":{\"@id\":\"https:\/\/papazoweb.com\/br\/#organization\"},\"potentialAction\":[{\"@type\":\"SearchAction\",\"target\":{\"@type\":\"EntryPoint\",\"urlTemplate\":\"https:\/\/papazoweb.com\/br\/?s={search_term_string}\"},\"query-input\":{\"@type\":\"PropertyValueSpecification\",\"valueRequired\":true,\"valueName\":\"search_term_string\"}}],\"inLanguage\":\"pt-BR\"},{\"@type\":\"Organization\",\"@id\":\"https:\/\/papazoweb.com\/br\/#organization\",\"name\":\"PapazoWeb\",\"url\":\"https:\/\/papazoweb.com\/br\/\",\"logo\":{\"@type\":\"ImageObject\",\"inLanguage\":\"pt-BR\",\"@id\":\"https:\/\/papazoweb.com\/br\/#\/schema\/logo\/image\/\",\"url\":\"https:\/\/papazoweb.com\/br\/wp-content\/uploads\/2025\/07\/papazoweb.png\",\"contentUrl\":\"https:\/\/papazoweb.com\/br\/wp-content\/uploads\/2025\/07\/papazoweb.png\",\"width\":512,\"height\":512,\"caption\":\"PapazoWeb\"},\"image\":{\"@id\":\"https:\/\/papazoweb.com\/br\/#\/schema\/logo\/image\/\"},\"sameAs\":[\"https:\/\/www.facebook.com\/papazoweb\",\"https:\/\/www.instagram.com\/rafael.martin_webdesigner\/\"]}]}<\/script>\n<!-- \/ Yoast SEO plugin. -->","yoast_head_json":{"title":"Quem somos - PapazoWeb","robots":{"index":"index","follow":"follow","max-snippet":"max-snippet:-1","max-image-preview":"max-image-preview:large","max-video-preview":"max-video-preview:-1"},"canonical":"https:\/\/papazoweb.com\/br\/quem-somos\/","og_locale":"pt_BR","og_type":"article","og_title":"Quem somos - PapazoWeb","og_description":"Quem Somos A PapazoWeb \u00e9 uma empresa especializada na cria\u00e7\u00e3o de sites profissionais para pequenas e m\u00e9dias empresas que desejam fortalecer sua presen\u00e7a na internet e atrair novos clientes. Nosso objetivo \u00e9 ajudar empresas a terem uma presen\u00e7a digital profissional, moderna e eficiente, por meio de sites bem estruturados, r\u00e1pidos e adaptados para todos os [&hellip;]","og_url":"https:\/\/papazoweb.com\/br\/quem-somos\/","og_site_name":"PapazoWeb","article_publisher":"https:\/\/www.facebook.com\/papazoweb","article_modified_time":"2026-03-11T15:11:54+00:00","og_image":[{"url":"https:\/\/papazoweb.com\/br\/wp-content\/uploads\/2026\/03\/papazoweb-quem-somos.png","type":"","width":"","height":""}],"twitter_card":"summary_large_image","twitter_misc":{"Est. tempo de leitura":"2 minutos"},"schema":{"@context":"https:\/\/schema.org","@graph":[{"@type":"WebPage","@id":"https:\/\/papazoweb.com\/br\/quem-somos\/","url":"https:\/\/papazoweb.com\/br\/quem-somos\/","name":"Quem somos - PapazoWeb","isPartOf":{"@id":"https:\/\/papazoweb.com\/br\/#website"},"primaryImageOfPage":{"@id":"https:\/\/papazoweb.com\/br\/quem-somos\/#primaryimage"},"image":{"@id":"https:\/\/papazoweb.com\/br\/quem-somos\/#primaryimage"},"thumbnailUrl":"https:\/\/papazoweb.com\/br\/wp-content\/uploads\/2026\/03\/papazoweb-quem-somos.png","datePublished":"2026-03-10T12:36:44+00:00","dateModified":"2026-03-11T15:11:54+00:00","breadcrumb":{"@id":"https:\/\/papazoweb.com\/br\/quem-somos\/#breadcrumb"},"inLanguage":"pt-BR","potentialAction":[{"@type":"ReadAction","target":["https:\/\/papazoweb.com\/br\/quem-somos\/"]}]},{"@type":"ImageObject","inLanguage":"pt-BR","@id":"https:\/\/papazoweb.com\/br\/quem-somos\/#primaryimage","url":"https:\/\/papazoweb.com\/br\/wp-content\/uploads\/2026\/03\/papazoweb-quem-somos.png","contentUrl":"https:\/\/papazoweb.com\/br\/wp-content\/uploads\/2026\/03\/papazoweb-quem-somos.png","width":1536,"height":1024},{"@type":"BreadcrumbList","@id":"https:\/\/papazoweb.com\/br\/quem-somos\/#breadcrumb","itemListElement":[{"@type":"ListItem","position":1,"name":"In\u00edcio","item":"https:\/\/papazoweb.com\/br\/"},{"@type":"ListItem","position":2,"name":"Quem somos"}]},{"@type":"WebSite","@id":"https:\/\/papazoweb.com\/br\/#website","url":"https:\/\/papazoweb.com\/br\/","name":"PapazoWeb","description":"","publisher":{"@id":"https:\/\/papazoweb.com\/br\/#organization"},"potentialAction":[{"@type":"SearchAction","target":{"@type":"EntryPoint","urlTemplate":"https:\/\/papazoweb.com\/br\/?s={search_term_string}"},"query-input":{"@type":"PropertyValueSpecification","valueRequired":true,"valueName":"search_term_string"}}],"inLanguage":"pt-BR"},{"@type":"Organization","@id":"https:\/\/papazoweb.com\/br\/#organization","name":"PapazoWeb","url":"https:\/\/papazoweb.com\/br\/","logo":{"@type":"ImageObject","inLanguage":"pt-BR","@id":"https:\/\/papazoweb.com\/br\/#\/schema\/logo\/image\/","url":"https:\/\/papazoweb.com\/br\/wp-content\/uploads\/2025\/07\/papazoweb.png","contentUrl":"https:\/\/papazoweb.com\/br\/wp-content\/uploads\/2025\/07\/papazoweb.png","width":512,"height":512,"caption":"PapazoWeb"},"image":{"@id":"https:\/\/papazoweb.com\/br\/#\/schema\/logo\/image\/"},"sameAs":["https:\/\/www.facebook.com\/papazoweb","https:\/\/www.instagram.com\/rafael.martin_webdesigner\/"]}]}},"_links":{"self":[{"href":"https:\/\/papazoweb.com\/br\/wp-json\/wp\/v2\/pages\/7605","targetHints":{"allow":["GET"]}}],"collection":[{"href":"https:\/\/papazoweb.com\/br\/wp-json\/wp\/v2\/pages"}],"about":[{"href":"https:\/\/papazoweb.com\/br\/wp-json\/wp\/v2\/types\/page"}],"author":[{"embeddable":true,"href":"https:\/\/papazoweb.com\/br\/wp-json\/wp\/v2\/users\/1"}],"replies":[{"embeddable":true,"href":"https:\/\/papazoweb.com\/br\/wp-json\/wp\/v2\/comments?post=7605"}],"version-history":[{"count":16,"href":"https:\/\/papazoweb.com\/br\/wp-json\/wp\/v2\/pages\/7605\/revisions"}],"predecessor-version":[{"id":7826,"href":"https:\/\/papazoweb.com\/br\/wp-json\/wp\/v2\/pages\/7605\/revisions\/7826"}],"wp:attachment":[{"href":"https:\/\/papazoweb.com\/br\/wp-json\/wp\/v2\/media?parent=7605"}],"curies":[{"name":"wp","href":"https:\/\/api.w.org\/{rel}","templated":true}]}}