{"id":7870,"date":"2026-03-12T09:28:04","date_gmt":"2026-03-12T12:28:04","guid":{"rendered":"https:\/\/papazoweb.com\/br\/?page_id=7870"},"modified":"2026-03-12T09:50:33","modified_gmt":"2026-03-12T12:50:33","slug":"site-institucional","status":"publish","type":"page","link":"https:\/\/papazoweb.com\/br\/site-institucional\/","title":{"rendered":"Site Institucional"},"content":{"rendered":"\t\t<div data-elementor-type=\"wp-page\" data-elementor-id=\"7870\" class=\"elementor elementor-7870\" data-elementor-post-type=\"page\">\n\t\t\t\t<div class=\"elementor-element elementor-element-e4cbce7 e-flex e-con-boxed e-con e-parent\" data-id=\"e4cbce7\" data-element_type=\"container\" data-e-type=\"container\" data-settings=\"{&quot;background_background&quot;:&quot;classic&quot;}\">\n\t\t\t\t\t<div class=\"e-con-inner\">\n\t\t\t\t<div class=\"elementor-element elementor-element-0d094b1 elementor-widget-divider--view-line_text elementor-widget-divider--element-align-left elementor-invisible elementor-widget elementor-widget-divider\" data-id=\"0d094b1\" data-element_type=\"widget\" data-e-type=\"widget\" data-settings=\"{&quot;_animation&quot;:&quot;fadeInLeft&quot;}\" data-widget_type=\"divider.default\">\n\t\t\t\t\t\t\t<div class=\"elementor-divider\">\n\t\t\t<span class=\"elementor-divider-separator\">\n\t\t\t\t\t\t\t<span class=\"elementor-divider__text elementor-divider__element\">\n\t\t\t\tPapazoWeb \u2014 Cria\u00e7\u00e3o de Sites Profissionais\t\t\t\t<\/span>\n\t\t\t\t\t\t<\/span>\n\t\t<\/div>\n\t\t\t\t\t\t<\/div>\n\t\t\t\t<div class=\"elementor-element elementor-element-2108960 elementor-widget elementor-widget-heading\" data-id=\"2108960\" data-element_type=\"widget\" data-e-type=\"widget\" data-widget_type=\"heading.default\">\n\t\t\t\t\t<h2 class=\"elementor-heading-title elementor-size-default\">\ud83c\udfe2 Site Institucional  <\/h2>\t\t\t\t<\/div>\n\t\t\t\t<div class=\"elementor-element elementor-element-8896c8e elementor-widget elementor-widget-heading\" data-id=\"8896c8e\" data-element_type=\"widget\" data-e-type=\"widget\" data-widget_type=\"heading.default\">\n\t\t\t\t\t<h1 class=\"elementor-heading-title elementor-size-default\">D\u00ea \u00e0 sua empresa a presen\u00e7a online que ela merece \u2014 com um Site Institucional profissional<\/h1>\t\t\t\t<\/div>\n\t\t\t\t<div class=\"elementor-element elementor-element-b1c5a4c elementor-widget elementor-widget-text-editor\" data-id=\"b1c5a4c\" data-element_type=\"widget\" data-e-type=\"widget\" data-widget_type=\"text-editor.default\">\n\t\t\t\t\t\t\t\t\tSeu site \u00e9 a vitrine da sua empresa na internet. Criamos sites institucionais modernos, r\u00e1pidos e preparados para aparecer no Google, transmitindo credibilidade e atraindo novos clientes todos os dias.\t\t\t\t\t\t\t\t<\/div>\n\t\t\t\t<div class=\"elementor-element elementor-element-e644b81 elementor-widget elementor-widget-text-editor\" data-id=\"e644b81\" data-element_type=\"widget\" data-e-type=\"widget\" data-widget_type=\"text-editor.default\">\n\t\t\t\t\t\t\t\t\t<p><strong>Descri\u00e7\u00e3o completa<\/strong><br \/>Um site institucional \u00e9 o endere\u00e7o oficial da sua empresa na internet. \u00c9 onde clientes em potencial chegam para conhecer seus servi\u00e7os, entender quem voc\u00ea \u00e9 e decidir se v\u00e3o entrar em contato.<br \/>Na PapazoWeb, desenvolvemos sites institucionais completos utilizando WordPress + Elementor Pro \u2014 a combina\u00e7\u00e3o mais poderosa do mercado para entregar projetos com design profissional, alta performance e r\u00e1pida entrega, sem abrir m\u00e3o da qualidade e da personaliza\u00e7\u00e3o.<br \/>Cada projeto come\u00e7a com um briefing detalhado para entender a ess\u00eancia da sua marca e entregar um site que realmente represente o seu neg\u00f3cio \u2014 e que funcione como uma m\u00e1quina de atrair clientes.<\/p>\t\t\t\t\t\t\t\t<\/div>\n\t\t\t\t<div class=\"elementor-element elementor-element-3bd50f4 elementor-widget elementor-widget-text-editor\" data-id=\"3bd50f4\" data-element_type=\"widget\" data-e-type=\"widget\" data-widget_type=\"text-editor.default\">\n\t\t\t\t\t\t\t\t\t<p>\u2705 Benef\u00edcios<br \/>\u2022 Credibilidade imediata: clientes confiam mais em empresas com site profissional<br \/>\u2022 Dispon\u00edvel 24\/7: seu site trabalha enquanto voc\u00ea dorme, apresentando sua empresa a novos clientes<br \/>\u2022 Otimizado para Google: estrutura de SEO para aparecer nas buscas org\u00e2nicas<br \/>\u2022 Responsivo: funciona perfeitamente em celular, tablet e computador<br \/>\u2022 F\u00e1cil de atualizar: painel WordPress intuitivo, sem precisar de programador<br \/>\u2022 Integra\u00e7\u00e3o com WhatsApp, e-mail e redes sociais<\/p>\t\t\t\t\t\t\t\t<\/div>\n\t\t\t\t<div class=\"elementor-element elementor-element-cf1f27e elementor-widget elementor-widget-text-editor\" data-id=\"cf1f27e\" data-element_type=\"widget\" data-e-type=\"widget\" data-widget_type=\"text-editor.default\">\n\t\t\t\t\t\t\t\t\tO que est\u00e1 incluso\n<table width=\"624\" cellspacing=\"0\" cellpadding=\"7\">\n<tbody>\n<tr valign=\"top\">\n<td  width=\"253\"><b>At\u00e9 6 p\u00e1ginas<\/b><\/td>\n<td  width=\"343\">In\u00edcio, Sobre, Servi\u00e7os, Portf\u00f3lio, Blog e Contato<\/td>\n<\/tr>\n<tr valign=\"top\">\n<td  width=\"253\"><b>Design personalizado<\/b><\/td>\n<td  width=\"343\">Layout exclusivo com as cores e identidade visual da sua empresa<\/td>\n<\/tr>\n<tr valign=\"top\">\n<td  width=\"253\"><b>Formul\u00e1rio de contato<\/b><\/td>\n<td  width=\"343\">Formul\u00e1rio funcional que envia mensagens diretamente ao seu e-mail<\/td>\n<\/tr>\n<tr valign=\"top\">\n<td  width=\"253\"><b>Bot\u00e3o WhatsApp flutuante<\/b><\/td>\n<td  width=\"343\">Facilita o contato direto pelo aplicativo mais usado do Brasil<\/td>\n<\/tr>\n<tr valign=\"top\">\n<td  width=\"253\"><b>SEO On-Page b\u00e1sico<\/b><\/td>\n<td  width=\"343\">T\u00edtulos, meta descri\u00e7\u00f5es e estrutura otimizados para o Google<\/td>\n<\/tr>\n<tr valign=\"top\">\n<td  width=\"253\"><b>Google Analytics<\/b><\/td>\n<td  width=\"343\">Relat\u00f3rios de quantas pessoas acessam seu site e de onde v\u00eam<\/td>\n<\/tr>\n<tr valign=\"top\">\n<td  width=\"253\"><b>Certificado SSL<\/b><\/td>\n<td  width=\"343\">Site seguro (HTTPS) \u2014 obrigat\u00f3rio para ranqueamento no Google<\/td>\n<\/tr>\n<tr valign=\"top\">\n<td  width=\"253\"><b>Mapa do Google<\/b><\/td>\n<td  width=\"343\">Localiza\u00e7\u00e3o da empresa integrada ao site<\/td>\n<\/tr>\n<tr valign=\"top\">\n<td  width=\"253\"><b>Entrega em at\u00e9 10 dias \u00fateis<\/b><\/td>\n<td  width=\"343\">Ap\u00f3s aprova\u00e7\u00e3o do layout e recebimento dos materiais<\/td>\n<\/tr>\n<\/tbody>\n<\/table>\t\t\t\t\t\t\t\t<\/div>\n\t\t\t\t<div class=\"elementor-element elementor-element-182b326 elementor-widget elementor-widget-text-editor\" data-id=\"182b326\" data-element_type=\"widget\" data-e-type=\"widget\" data-widget_type=\"text-editor.default\">\n\t\t\t\t\t\t\t\t\t<p>\ud83d\udc64 Para quem \u00e9 esse servi\u00e7o?<br \/>\u2022 Pequenas e m\u00e9dias empresas que ainda n\u00e3o t\u00eam presen\u00e7a online<br \/>\u2022 Empresas com site desatualizado que precisa ser reformulado<br \/>\u2022 Prestadores de servi\u00e7o que querem aparecer no Google e atrair mais clientes<br \/>\u2022 Neg\u00f3cios locais que querem ser encontrados por pessoas da regi\u00e3o<\/p>\t\t\t\t\t\t\t\t<\/div>\n\t\t\t\t<div class=\"elementor-element elementor-element-e163c42 elementor-widget elementor-widget-text-editor\" data-id=\"e163c42\" data-element_type=\"widget\" data-e-type=\"widget\" data-widget_type=\"text-editor.default\">\n\t\t\t\t\t\t\t\t\t<p>Investimento<br \/>Site institucional simples: a partir de R$ 1.500 Site institucional completo: entre R$ 2.000 e R$ 3.000 * Valores finais de acordo com as necessidades do projeto. Solicite um or\u00e7amento gratuito.<\/p>\t\t\t\t\t\t\t\t<\/div>\n\t\t\t\t<div class=\"elementor-element elementor-element-7c14f2e elementor-align-left elementor-mobile-align-justify elementor-widget elementor-widget-button\" data-id=\"7c14f2e\" data-element_type=\"widget\" data-e-type=\"widget\" data-widget_type=\"button.default\">\n\t\t\t\t\t\t\t\t\t\t<a class=\"elementor-button elementor-button-link elementor-size-md\" href=\"https:\/\/api.whatsapp.com\/send?phone=5541988793002&#038;text=Ol%C3%A1,%20como%20posso%20ajudar?%20\">\n\t\t\t\t\t\t<span class=\"elementor-button-content-wrapper\">\n\t\t\t\t\t\t<span class=\"elementor-button-icon\">\n\t\t\t\t<svg aria-hidden=\"true\" class=\"e-font-icon-svg e-fab-whatsapp\" viewBox=\"0 0 448 512\" xmlns=\"http:\/\/www.w3.org\/2000\/svg\"><path d=\"M380.9 97.1C339 55.1 283.2 32 223.9 32c-122.4 0-222 99.6-222 222 0 39.1 10.2 77.3 29.6 111L0 480l117.7-30.9c32.4 17.7 68.9 27 106.1 27h.1c122.3 0 224.1-99.6 224.1-222 0-59.3-25.2-115-67.1-157zm-157 341.6c-33.2 0-65.7-8.9-94-25.7l-6.7-4-69.8 18.3L72 359.2l-4.4-7c-18.5-29.4-28.2-63.3-28.2-98.2 0-101.7 82.8-184.5 184.6-184.5 49.3 0 95.6 19.2 130.4 54.1 34.8 34.9 56.2 81.2 56.1 130.5 0 101.8-84.9 184.6-186.6 184.6zm101.2-138.2c-5.5-2.8-32.8-16.2-37.9-18-5.1-1.9-8.8-2.8-12.5 2.8-3.7 5.6-14.3 18-17.6 21.8-3.2 3.7-6.5 4.2-12 1.4-32.6-16.3-54-29.1-75.5-66-5.7-9.8 5.7-9.1 16.3-30.3 1.8-3.7.9-6.9-.5-9.7-1.4-2.8-12.5-30.1-17.1-41.2-4.5-10.8-9.1-9.3-12.5-9.5-3.2-.2-6.9-.2-10.6-.2-3.7 0-9.7 1.4-14.8 6.9-5.1 5.6-19.4 19-19.4 46.3 0 27.3 19.9 53.7 22.6 57.4 2.8 3.7 39.1 59.7 94.8 83.8 35.2 15.2 49 16.5 66.6 13.9 10.7-1.6 32.8-13.4 37.4-26.4 4.6-13 4.6-24.1 3.2-26.4-1.3-2.5-5-3.9-10.5-6.6z\"><\/path><\/svg>\t\t\t<\/span>\n\t\t\t\t\t\t\t\t\t<span class=\"elementor-button-text\">Solicite um or\u00e7amento gr\u00e1tis<\/span>\n\t\t\t\t\t<\/span>\n\t\t\t\t\t<\/a>\n\t\t\t\t\t\t\t\t<\/div>\n\t\t\t\t\t<\/div>\n\t\t\t\t<\/div>\n\t\t\t\t<\/div>\n\t\t","protected":false},"excerpt":{"rendered":"<p>PapazoWeb \u2014 Cria\u00e7\u00e3o de Sites Profissionais \ud83c\udfe2 Site Institucional D\u00ea \u00e0 sua empresa a presen\u00e7a online que ela merece \u2014 com um Site Institucional profissional Seu site \u00e9 a vitrine da sua empresa na internet. Criamos sites institucionais modernos, r\u00e1pidos e preparados para aparecer no Google, transmitindo credibilidade e atraindo novos clientes todos os dias. [&hellip;]<\/p>\n","protected":false},"author":1,"featured_media":0,"parent":0,"menu_order":0,"comment_status":"closed","ping_status":"closed","template":"","meta":{"_joinchat":[],"footnotes":""},"class_list":["post-7870","page","type-page","status-publish","hentry"],"yoast_head":"<!-- This site is optimized with the Yoast SEO plugin v27.1.1 - https:\/\/yoast.com\/product\/yoast-seo-wordpress\/ -->\n<title>Site Institucional - PapazoWeb<\/title>\n<meta name=\"robots\" content=\"index, follow, max-snippet:-1, max-image-preview:large, max-video-preview:-1\" \/>\n<link rel=\"canonical\" href=\"https:\/\/papazoweb.com\/br\/site-institucional\/\" \/>\n<meta property=\"og:locale\" content=\"pt_BR\" \/>\n<meta property=\"og:type\" content=\"article\" \/>\n<meta property=\"og:title\" content=\"Site Institucional - PapazoWeb\" \/>\n<meta property=\"og:description\" content=\"PapazoWeb \u2014 Cria\u00e7\u00e3o de Sites Profissionais \ud83c\udfe2 Site Institucional D\u00ea \u00e0 sua empresa a presen\u00e7a online que ela merece \u2014 com um Site Institucional profissional Seu site \u00e9 a vitrine da sua empresa na internet. Criamos sites institucionais modernos, r\u00e1pidos e preparados para aparecer no Google, transmitindo credibilidade e atraindo novos clientes todos os dias. [&hellip;]\" \/>\n<meta property=\"og:url\" content=\"https:\/\/papazoweb.com\/br\/site-institucional\/\" \/>\n<meta property=\"og:site_name\" content=\"PapazoWeb\" \/>\n<meta property=\"article:publisher\" content=\"https:\/\/www.facebook.com\/papazoweb\" \/>\n<meta property=\"article:modified_time\" content=\"2026-03-12T12:50:33+00:00\" \/>\n<meta name=\"twitter:card\" content=\"summary_large_image\" \/>\n<meta name=\"twitter:label1\" content=\"Est. tempo de leitura\" \/>\n\t<meta name=\"twitter:data1\" content=\"3 minutos\" \/>\n<script type=\"application\/ld+json\" class=\"yoast-schema-graph\">{\"@context\":\"https:\/\/schema.org\",\"@graph\":[{\"@type\":\"WebPage\",\"@id\":\"https:\/\/papazoweb.com\/br\/site-institucional\/\",\"url\":\"https:\/\/papazoweb.com\/br\/site-institucional\/\",\"name\":\"Site Institucional - PapazoWeb\",\"isPartOf\":{\"@id\":\"https:\/\/papazoweb.com\/br\/#website\"},\"datePublished\":\"2026-03-12T12:28:04+00:00\",\"dateModified\":\"2026-03-12T12:50:33+00:00\",\"breadcrumb\":{\"@id\":\"https:\/\/papazoweb.com\/br\/site-institucional\/#breadcrumb\"},\"inLanguage\":\"pt-BR\",\"potentialAction\":[{\"@type\":\"ReadAction\",\"target\":[\"https:\/\/papazoweb.com\/br\/site-institucional\/\"]}]},{\"@type\":\"BreadcrumbList\",\"@id\":\"https:\/\/papazoweb.com\/br\/site-institucional\/#breadcrumb\",\"itemListElement\":[{\"@type\":\"ListItem\",\"position\":1,\"name\":\"In\u00edcio\",\"item\":\"https:\/\/papazoweb.com\/br\/\"},{\"@type\":\"ListItem\",\"position\":2,\"name\":\"Site Institucional\"}]},{\"@type\":\"WebSite\",\"@id\":\"https:\/\/papazoweb.com\/br\/#website\",\"url\":\"https:\/\/papazoweb.com\/br\/\",\"name\":\"PapazoWeb\",\"description\":\"\",\"publisher\":{\"@id\":\"https:\/\/papazoweb.com\/br\/#organization\"},\"potentialAction\":[{\"@type\":\"SearchAction\",\"target\":{\"@type\":\"EntryPoint\",\"urlTemplate\":\"https:\/\/papazoweb.com\/br\/?s={search_term_string}\"},\"query-input\":{\"@type\":\"PropertyValueSpecification\",\"valueRequired\":true,\"valueName\":\"search_term_string\"}}],\"inLanguage\":\"pt-BR\"},{\"@type\":\"Organization\",\"@id\":\"https:\/\/papazoweb.com\/br\/#organization\",\"name\":\"PapazoWeb\",\"url\":\"https:\/\/papazoweb.com\/br\/\",\"logo\":{\"@type\":\"ImageObject\",\"inLanguage\":\"pt-BR\",\"@id\":\"https:\/\/papazoweb.com\/br\/#\/schema\/logo\/image\/\",\"url\":\"https:\/\/papazoweb.com\/br\/wp-content\/uploads\/2025\/07\/papazoweb.png\",\"contentUrl\":\"https:\/\/papazoweb.com\/br\/wp-content\/uploads\/2025\/07\/papazoweb.png\",\"width\":512,\"height\":512,\"caption\":\"PapazoWeb\"},\"image\":{\"@id\":\"https:\/\/papazoweb.com\/br\/#\/schema\/logo\/image\/\"},\"sameAs\":[\"https:\/\/www.facebook.com\/papazoweb\",\"https:\/\/www.instagram.com\/rafael.martin_webdesigner\/\"]}]}<\/script>\n<!-- \/ Yoast SEO plugin. -->","yoast_head_json":{"title":"Site Institucional - PapazoWeb","robots":{"index":"index","follow":"follow","max-snippet":"max-snippet:-1","max-image-preview":"max-image-preview:large","max-video-preview":"max-video-preview:-1"},"canonical":"https:\/\/papazoweb.com\/br\/site-institucional\/","og_locale":"pt_BR","og_type":"article","og_title":"Site Institucional - PapazoWeb","og_description":"PapazoWeb \u2014 Cria\u00e7\u00e3o de Sites Profissionais \ud83c\udfe2 Site Institucional D\u00ea \u00e0 sua empresa a presen\u00e7a online que ela merece \u2014 com um Site Institucional profissional Seu site \u00e9 a vitrine da sua empresa na internet. Criamos sites institucionais modernos, r\u00e1pidos e preparados para aparecer no Google, transmitindo credibilidade e atraindo novos clientes todos os dias. [&hellip;]","og_url":"https:\/\/papazoweb.com\/br\/site-institucional\/","og_site_name":"PapazoWeb","article_publisher":"https:\/\/www.facebook.com\/papazoweb","article_modified_time":"2026-03-12T12:50:33+00:00","twitter_card":"summary_large_image","twitter_misc":{"Est. tempo de leitura":"3 minutos"},"schema":{"@context":"https:\/\/schema.org","@graph":[{"@type":"WebPage","@id":"https:\/\/papazoweb.com\/br\/site-institucional\/","url":"https:\/\/papazoweb.com\/br\/site-institucional\/","name":"Site Institucional - PapazoWeb","isPartOf":{"@id":"https:\/\/papazoweb.com\/br\/#website"},"datePublished":"2026-03-12T12:28:04+00:00","dateModified":"2026-03-12T12:50:33+00:00","breadcrumb":{"@id":"https:\/\/papazoweb.com\/br\/site-institucional\/#breadcrumb"},"inLanguage":"pt-BR","potentialAction":[{"@type":"ReadAction","target":["https:\/\/papazoweb.com\/br\/site-institucional\/"]}]},{"@type":"BreadcrumbList","@id":"https:\/\/papazoweb.com\/br\/site-institucional\/#breadcrumb","itemListElement":[{"@type":"ListItem","position":1,"name":"In\u00edcio","item":"https:\/\/papazoweb.com\/br\/"},{"@type":"ListItem","position":2,"name":"Site Institucional"}]},{"@type":"WebSite","@id":"https:\/\/papazoweb.com\/br\/#website","url":"https:\/\/papazoweb.com\/br\/","name":"PapazoWeb","description":"","publisher":{"@id":"https:\/\/papazoweb.com\/br\/#organization"},"potentialAction":[{"@type":"SearchAction","target":{"@type":"EntryPoint","urlTemplate":"https:\/\/papazoweb.com\/br\/?s={search_term_string}"},"query-input":{"@type":"PropertyValueSpecification","valueRequired":true,"valueName":"search_term_string"}}],"inLanguage":"pt-BR"},{"@type":"Organization","@id":"https:\/\/papazoweb.com\/br\/#organization","name":"PapazoWeb","url":"https:\/\/papazoweb.com\/br\/","logo":{"@type":"ImageObject","inLanguage":"pt-BR","@id":"https:\/\/papazoweb.com\/br\/#\/schema\/logo\/image\/","url":"https:\/\/papazoweb.com\/br\/wp-content\/uploads\/2025\/07\/papazoweb.png","contentUrl":"https:\/\/papazoweb.com\/br\/wp-content\/uploads\/2025\/07\/papazoweb.png","width":512,"height":512,"caption":"PapazoWeb"},"image":{"@id":"https:\/\/papazoweb.com\/br\/#\/schema\/logo\/image\/"},"sameAs":["https:\/\/www.facebook.com\/papazoweb","https:\/\/www.instagram.com\/rafael.martin_webdesigner\/"]}]}},"_links":{"self":[{"href":"https:\/\/papazoweb.com\/br\/wp-json\/wp\/v2\/pages\/7870","targetHints":{"allow":["GET"]}}],"collection":[{"href":"https:\/\/papazoweb.com\/br\/wp-json\/wp\/v2\/pages"}],"about":[{"href":"https:\/\/papazoweb.com\/br\/wp-json\/wp\/v2\/types\/page"}],"author":[{"embeddable":true,"href":"https:\/\/papazoweb.com\/br\/wp-json\/wp\/v2\/users\/1"}],"replies":[{"embeddable":true,"href":"https:\/\/papazoweb.com\/br\/wp-json\/wp\/v2\/comments?post=7870"}],"version-history":[{"count":13,"href":"https:\/\/papazoweb.com\/br\/wp-json\/wp\/v2\/pages\/7870\/revisions"}],"predecessor-version":[{"id":7884,"href":"https:\/\/papazoweb.com\/br\/wp-json\/wp\/v2\/pages\/7870\/revisions\/7884"}],"wp:attachment":[{"href":"https:\/\/papazoweb.com\/br\/wp-json\/wp\/v2\/media?parent=7870"}],"curies":[{"name":"wp","href":"https:\/\/api.w.org\/{rel}","templated":true}]}}