{"id":7921,"date":"2026-03-12T10:57:55","date_gmt":"2026-03-12T13:57:55","guid":{"rendered":"https:\/\/papazoweb.com\/br\/?page_id=7921"},"modified":"2026-03-12T11:02:20","modified_gmt":"2026-03-12T14:02:20","slug":"manutencao-de-site-wordpress","status":"publish","type":"page","link":"https:\/\/papazoweb.com\/br\/manutencao-de-site-wordpress\/","title":{"rendered":"Manuten\u00e7\u00e3o de Site WordPress"},"content":{"rendered":"\t\t<div data-elementor-type=\"wp-page\" data-elementor-id=\"7921\" class=\"elementor elementor-7921\" data-elementor-post-type=\"page\">\n\t\t\t\t<div class=\"elementor-element elementor-element-e4cbce7 e-flex e-con-boxed e-con e-parent\" data-id=\"e4cbce7\" data-element_type=\"container\" data-e-type=\"container\" data-settings=\"{&quot;background_background&quot;:&quot;classic&quot;}\">\n\t\t\t\t\t<div class=\"e-con-inner\">\n\t\t\t\t<div class=\"elementor-element elementor-element-0d094b1 elementor-widget-divider--view-line_text elementor-widget-divider--element-align-left elementor-invisible elementor-widget elementor-widget-divider\" data-id=\"0d094b1\" data-element_type=\"widget\" data-e-type=\"widget\" data-settings=\"{&quot;_animation&quot;:&quot;fadeInLeft&quot;}\" data-widget_type=\"divider.default\">\n\t\t\t\t\t\t\t<div class=\"elementor-divider\">\n\t\t\t<span class=\"elementor-divider-separator\">\n\t\t\t\t\t\t\t<span class=\"elementor-divider__text elementor-divider__element\">\n\t\t\t\tPapazoWeb \u2014 Cria\u00e7\u00e3o de Sites Profissionais\t\t\t\t<\/span>\n\t\t\t\t\t\t<\/span>\n\t\t<\/div>\n\t\t\t\t\t\t<\/div>\n\t\t\t\t<div class=\"elementor-element elementor-element-2108960 elementor-widget elementor-widget-heading\" data-id=\"2108960\" data-element_type=\"widget\" data-e-type=\"widget\" data-widget_type=\"heading.default\">\n\t\t\t\t\t<h2 class=\"elementor-heading-title elementor-size-default\">\ud83d\udee0\ufe0f  Manuten\u00e7\u00e3o de Site WordPress<\/h2>\t\t\t\t<\/div>\n\t\t\t\t<div class=\"elementor-element elementor-element-8896c8e elementor-widget elementor-widget-heading\" data-id=\"8896c8e\" data-element_type=\"widget\" data-e-type=\"widget\" data-widget_type=\"heading.default\">\n\t\t\t\t\t<h1 class=\"elementor-heading-title elementor-size-default\">Seu site seguro, r\u00e1pido e sempre funcionando \u2014 com Manuten\u00e7\u00e3o Mensal WordPress<\/h1>\t\t\t\t<\/div>\n\t\t\t\t<div class=\"elementor-element elementor-element-b1c5a4c elementor-widget elementor-widget-text-editor\" data-id=\"b1c5a4c\" data-element_type=\"widget\" data-e-type=\"widget\" data-widget_type=\"text-editor.default\">\n\t\t\t\t\t\t\t\t\tN\u00e3o deixe seu site parar de funcionar, ser invadido ou ficar desatualizado. Com nosso servi\u00e7o de manuten\u00e7\u00e3o mensal, cuidamos de tudo para que voc\u00ea foque no que realmente importa: o seu neg\u00f3cio.\t\t\t\t\t\t\t\t<\/div>\n\t\t\t\t<div class=\"elementor-element elementor-element-e644b81 elementor-widget elementor-widget-text-editor\" data-id=\"e644b81\" data-element_type=\"widget\" data-e-type=\"widget\" data-widget_type=\"text-editor.default\">\n\t\t\t\t\t\t\t\t\t<p><strong>Descri\u00e7\u00e3o completa<\/strong><br \/>Um site WordPress sem manuten\u00e7\u00e3o \u00e9 um risco. Plugins desatualizados, vulnerabilidades de seguran\u00e7a, lentid\u00e3o e erros inesperados podem fazer seu site sair do ar \u2014 e fazer voc\u00ea perder clientes e credibilidade.<br \/>Na PapazoWeb, oferecemos um servi\u00e7o de manuten\u00e7\u00e3o mensal completo para sites WordPress. Cuidamos das atualiza\u00e7\u00f5es, da seguran\u00e7a, do desempenho e dos backups, al\u00e9m de realizarmos pequenas altera\u00e7\u00f5es de conte\u00fado quando necess\u00e1rio.<br \/>Com a nossa manuten\u00e7\u00e3o, voc\u00ea tem a tranquilidade de saber que seu site est\u00e1 sempre funcionando, protegido e otimizado \u2014 sem precisar se preocupar com quest\u00f5es t\u00e9cnicas.<\/p>\t\t\t\t\t\t\t\t<\/div>\n\t\t\t\t<div class=\"elementor-element elementor-element-3bd50f4 elementor-widget elementor-widget-text-editor\" data-id=\"3bd50f4\" data-element_type=\"widget\" data-e-type=\"widget\" data-widget_type=\"text-editor.default\">\n\t\t\t\t\t\t\t\t\t<p>\u2705 Benef\u00edcios<br \/>\u2022 Site sempre no ar: monitoramento e corre\u00e7\u00e3o r\u00e1pida de problemas<br \/>\u2022 Seguran\u00e7a garantida: atualiza\u00e7\u00f5es regulares eliminam vulnerabilidades<br \/>\u2022 Backup mensal: c\u00f3pia de seguran\u00e7a para restaurar o site em caso de problemas<br \/>\u2022 Performance otimizada: site r\u00e1pido mant\u00e9m visitantes e melhora o SEO<br \/>\u2022 Pequenas atualiza\u00e7\u00f5es de conte\u00fado: troca de textos, fotos e informa\u00e7\u00f5es inclusas<br \/>\u2022 Relat\u00f3rio mensal: saiba o que foi feito no seu site a cada m\u00eas<\/p>\t\t\t\t\t\t\t\t<\/div>\n\t\t\t\t<div class=\"elementor-element elementor-element-cf1f27e elementor-widget elementor-widget-text-editor\" data-id=\"cf1f27e\" data-element_type=\"widget\" data-e-type=\"widget\" data-widget_type=\"text-editor.default\">\n\t\t\t\t\t\t\t\t\tO que est\u00e1 incluso\n<table width=\"624\" cellspacing=\"0\" cellpadding=\"7\">\n<tbody>\n<tr valign=\"top\">\n<td  width=\"253\"><b>Atualiza\u00e7\u00e3o do WordPress<\/b><\/td>\n<td  width=\"343\">Core, plugins e temas atualizados mensalmente<\/td>\n<\/tr>\n<tr valign=\"top\">\n<td  width=\"253\"><b>Monitoramento de seguran\u00e7a<\/b><\/td>\n<td  width=\"343\">Verifica\u00e7\u00e3o de malware e vulnerabilidades<\/td>\n<\/tr>\n<tr valign=\"top\">\n<td  width=\"253\"><b>Backup mensal<\/b><\/td>\n<td  width=\"343\">C\u00f3pia completa do site armazenada com seguran\u00e7a<\/td>\n<\/tr>\n<tr valign=\"top\">\n<td  width=\"253\"><b>Otimiza\u00e7\u00e3o de performance<\/b><\/td>\n<td  width=\"343\">Limpeza de cache, banco de dados e arquivos tempor\u00e1rios<\/td>\n<\/tr>\n<tr valign=\"top\">\n<td  width=\"253\"><b>Pequenas edi\u00e7\u00f5es de conte\u00fado<\/b><\/td>\n<td  width=\"343\">At\u00e9 2 horas de altera\u00e7\u00f5es mensais inclu\u00eddas<\/td>\n<\/tr>\n<tr valign=\"top\">\n<td  width=\"253\"><b>Suporte por WhatsApp<\/b><\/td>\n<td  width=\"343\">Atendimento \u00e1gil para d\u00favidas e problemas urgentes<\/td>\n<\/tr>\n<tr valign=\"top\">\n<td  width=\"253\"><b>Relat\u00f3rio mensal<\/b><\/td>\n<td  width=\"343\">Resumo das a\u00e7\u00f5es realizadas e status do site<\/td>\n<\/tr>\n<tr valign=\"top\">\n<td  width=\"253\"><b>Verifica\u00e7\u00e3o de formul\u00e1rios<\/b><\/td>\n<td  width=\"343\">Garantia de que formul\u00e1rios e bot\u00f5es est\u00e3o funcionando<\/td>\n<\/tr>\n<\/tbody>\n<\/table>\t\t\t\t\t\t\t\t<\/div>\n\t\t\t\t<div class=\"elementor-element elementor-element-182b326 elementor-widget elementor-widget-text-editor\" data-id=\"182b326\" data-element_type=\"widget\" data-e-type=\"widget\" data-widget_type=\"text-editor.default\">\n\t\t\t\t\t\t\t\t\t<p>\ud83d\udc64 Para quem \u00e9 esse servi\u00e7o?<br \/>\u2022 Empresas com site WordPress que n\u00e3o t\u00eam equipe t\u00e9cnica interna<br \/>\u2022 Donos de site que j\u00e1 tiveram problemas com invas\u00f5es ou site fora do ar<br \/>\u2022 Clientes que criaram o site conosco e querem continuar sendo cuidados<br \/>\u2022 Qualquer neg\u00f3cio que entende que site parado \u00e9 venda perdida<\/p>\t\t\t\t\t\t\t\t<\/div>\n\t\t\t\t<div class=\"elementor-element elementor-element-e163c42 elementor-widget elementor-widget-text-editor\" data-id=\"e163c42\" data-element_type=\"widget\" data-e-type=\"widget\" data-widget_type=\"text-editor.default\">\n\t\t\t\t\t\t\t\t\t<p>Investimento<br \/>Plano de manuten\u00e7\u00e3o mensal: consulte valores * Valor varia conforme o porte do site e necessidades espec\u00edficas. Solicite uma proposta.<\/p>\t\t\t\t\t\t\t\t<\/div>\n\t\t\t\t<div class=\"elementor-element elementor-element-7c14f2e elementor-align-left elementor-mobile-align-justify elementor-widget elementor-widget-button\" data-id=\"7c14f2e\" data-element_type=\"widget\" data-e-type=\"widget\" data-widget_type=\"button.default\">\n\t\t\t\t\t\t\t\t\t\t<a class=\"elementor-button elementor-button-link elementor-size-md\" href=\"https:\/\/api.whatsapp.com\/send?phone=5541988793002&#038;text=Ol%C3%A1,%20como%20posso%20ajudar?%20\">\n\t\t\t\t\t\t<span class=\"elementor-button-content-wrapper\">\n\t\t\t\t\t\t<span class=\"elementor-button-icon\">\n\t\t\t\t<svg aria-hidden=\"true\" class=\"e-font-icon-svg e-fab-whatsapp\" viewBox=\"0 0 448 512\" xmlns=\"http:\/\/www.w3.org\/2000\/svg\"><path d=\"M380.9 97.1C339 55.1 283.2 32 223.9 32c-122.4 0-222 99.6-222 222 0 39.1 10.2 77.3 29.6 111L0 480l117.7-30.9c32.4 17.7 68.9 27 106.1 27h.1c122.3 0 224.1-99.6 224.1-222 0-59.3-25.2-115-67.1-157zm-157 341.6c-33.2 0-65.7-8.9-94-25.7l-6.7-4-69.8 18.3L72 359.2l-4.4-7c-18.5-29.4-28.2-63.3-28.2-98.2 0-101.7 82.8-184.5 184.6-184.5 49.3 0 95.6 19.2 130.4 54.1 34.8 34.9 56.2 81.2 56.1 130.5 0 101.8-84.9 184.6-186.6 184.6zm101.2-138.2c-5.5-2.8-32.8-16.2-37.9-18-5.1-1.9-8.8-2.8-12.5 2.8-3.7 5.6-14.3 18-17.6 21.8-3.2 3.7-6.5 4.2-12 1.4-32.6-16.3-54-29.1-75.5-66-5.7-9.8 5.7-9.1 16.3-30.3 1.8-3.7.9-6.9-.5-9.7-1.4-2.8-12.5-30.1-17.1-41.2-4.5-10.8-9.1-9.3-12.5-9.5-3.2-.2-6.9-.2-10.6-.2-3.7 0-9.7 1.4-14.8 6.9-5.1 5.6-19.4 19-19.4 46.3 0 27.3 19.9 53.7 22.6 57.4 2.8 3.7 39.1 59.7 94.8 83.8 35.2 15.2 49 16.5 66.6 13.9 10.7-1.6 32.8-13.4 37.4-26.4 4.6-13 4.6-24.1 3.2-26.4-1.3-2.5-5-3.9-10.5-6.6z\"><\/path><\/svg>\t\t\t<\/span>\n\t\t\t\t\t\t\t\t\t<span class=\"elementor-button-text\">Solicite um or\u00e7amento gr\u00e1tis<\/span>\n\t\t\t\t\t<\/span>\n\t\t\t\t\t<\/a>\n\t\t\t\t\t\t\t\t<\/div>\n\t\t\t\t\t<\/div>\n\t\t\t\t<\/div>\n\t\t\t\t<\/div>\n\t\t","protected":false},"excerpt":{"rendered":"<p>PapazoWeb \u2014 Cria\u00e7\u00e3o de Sites Profissionais \ud83d\udee0\ufe0f Manuten\u00e7\u00e3o de Site WordPress Seu site seguro, r\u00e1pido e sempre funcionando \u2014 com Manuten\u00e7\u00e3o Mensal WordPress N\u00e3o deixe seu site parar de funcionar, ser invadido ou ficar desatualizado. Com nosso servi\u00e7o de manuten\u00e7\u00e3o mensal, cuidamos de tudo para que voc\u00ea foque no que realmente importa: o seu neg\u00f3cio. [&hellip;]<\/p>\n","protected":false},"author":1,"featured_media":0,"parent":0,"menu_order":0,"comment_status":"closed","ping_status":"closed","template":"","meta":{"_joinchat":[],"footnotes":""},"class_list":["post-7921","page","type-page","status-publish","hentry"],"yoast_head":"<!-- This site is optimized with the Yoast SEO plugin v27.1.1 - https:\/\/yoast.com\/product\/yoast-seo-wordpress\/ -->\n<title>Manuten\u00e7\u00e3o de Site WordPress - PapazoWeb<\/title>\n<meta name=\"robots\" content=\"index, follow, max-snippet:-1, max-image-preview:large, max-video-preview:-1\" \/>\n<link rel=\"canonical\" href=\"https:\/\/papazoweb.com\/br\/manutencao-de-site-wordpress\/\" \/>\n<meta property=\"og:locale\" content=\"pt_BR\" \/>\n<meta property=\"og:type\" content=\"article\" \/>\n<meta property=\"og:title\" content=\"Manuten\u00e7\u00e3o de Site WordPress - PapazoWeb\" \/>\n<meta property=\"og:description\" content=\"PapazoWeb \u2014 Cria\u00e7\u00e3o de Sites Profissionais \ud83d\udee0\ufe0f Manuten\u00e7\u00e3o de Site WordPress Seu site seguro, r\u00e1pido e sempre funcionando \u2014 com Manuten\u00e7\u00e3o Mensal WordPress N\u00e3o deixe seu site parar de funcionar, ser invadido ou ficar desatualizado. Com nosso servi\u00e7o de manuten\u00e7\u00e3o mensal, cuidamos de tudo para que voc\u00ea foque no que realmente importa: o seu neg\u00f3cio. [&hellip;]\" \/>\n<meta property=\"og:url\" content=\"https:\/\/papazoweb.com\/br\/manutencao-de-site-wordpress\/\" \/>\n<meta property=\"og:site_name\" content=\"PapazoWeb\" \/>\n<meta property=\"article:publisher\" content=\"https:\/\/www.facebook.com\/papazoweb\" \/>\n<meta property=\"article:modified_time\" content=\"2026-03-12T14:02:20+00:00\" \/>\n<meta name=\"twitter:card\" content=\"summary_large_image\" \/>\n<meta name=\"twitter:label1\" content=\"Est. tempo de leitura\" \/>\n\t<meta name=\"twitter:data1\" content=\"3 minutos\" \/>\n<script type=\"application\/ld+json\" class=\"yoast-schema-graph\">{\"@context\":\"https:\/\/schema.org\",\"@graph\":[{\"@type\":\"WebPage\",\"@id\":\"https:\/\/papazoweb.com\/br\/manutencao-de-site-wordpress\/\",\"url\":\"https:\/\/papazoweb.com\/br\/manutencao-de-site-wordpress\/\",\"name\":\"Manuten\u00e7\u00e3o de Site WordPress - PapazoWeb\",\"isPartOf\":{\"@id\":\"https:\/\/papazoweb.com\/br\/#website\"},\"datePublished\":\"2026-03-12T13:57:55+00:00\",\"dateModified\":\"2026-03-12T14:02:20+00:00\",\"breadcrumb\":{\"@id\":\"https:\/\/papazoweb.com\/br\/manutencao-de-site-wordpress\/#breadcrumb\"},\"inLanguage\":\"pt-BR\",\"potentialAction\":[{\"@type\":\"ReadAction\",\"target\":[\"https:\/\/papazoweb.com\/br\/manutencao-de-site-wordpress\/\"]}]},{\"@type\":\"BreadcrumbList\",\"@id\":\"https:\/\/papazoweb.com\/br\/manutencao-de-site-wordpress\/#breadcrumb\",\"itemListElement\":[{\"@type\":\"ListItem\",\"position\":1,\"name\":\"In\u00edcio\",\"item\":\"https:\/\/papazoweb.com\/br\/\"},{\"@type\":\"ListItem\",\"position\":2,\"name\":\"Manuten\u00e7\u00e3o de Site WordPress\"}]},{\"@type\":\"WebSite\",\"@id\":\"https:\/\/papazoweb.com\/br\/#website\",\"url\":\"https:\/\/papazoweb.com\/br\/\",\"name\":\"PapazoWeb\",\"description\":\"\",\"publisher\":{\"@id\":\"https:\/\/papazoweb.com\/br\/#organization\"},\"potentialAction\":[{\"@type\":\"SearchAction\",\"target\":{\"@type\":\"EntryPoint\",\"urlTemplate\":\"https:\/\/papazoweb.com\/br\/?s={search_term_string}\"},\"query-input\":{\"@type\":\"PropertyValueSpecification\",\"valueRequired\":true,\"valueName\":\"search_term_string\"}}],\"inLanguage\":\"pt-BR\"},{\"@type\":\"Organization\",\"@id\":\"https:\/\/papazoweb.com\/br\/#organization\",\"name\":\"PapazoWeb\",\"url\":\"https:\/\/papazoweb.com\/br\/\",\"logo\":{\"@type\":\"ImageObject\",\"inLanguage\":\"pt-BR\",\"@id\":\"https:\/\/papazoweb.com\/br\/#\/schema\/logo\/image\/\",\"url\":\"https:\/\/papazoweb.com\/br\/wp-content\/uploads\/2025\/07\/papazoweb.png\",\"contentUrl\":\"https:\/\/papazoweb.com\/br\/wp-content\/uploads\/2025\/07\/papazoweb.png\",\"width\":512,\"height\":512,\"caption\":\"PapazoWeb\"},\"image\":{\"@id\":\"https:\/\/papazoweb.com\/br\/#\/schema\/logo\/image\/\"},\"sameAs\":[\"https:\/\/www.facebook.com\/papazoweb\",\"https:\/\/www.instagram.com\/rafael.martin_webdesigner\/\"]}]}<\/script>\n<!-- \/ Yoast SEO plugin. -->","yoast_head_json":{"title":"Manuten\u00e7\u00e3o de Site WordPress - PapazoWeb","robots":{"index":"index","follow":"follow","max-snippet":"max-snippet:-1","max-image-preview":"max-image-preview:large","max-video-preview":"max-video-preview:-1"},"canonical":"https:\/\/papazoweb.com\/br\/manutencao-de-site-wordpress\/","og_locale":"pt_BR","og_type":"article","og_title":"Manuten\u00e7\u00e3o de Site WordPress - PapazoWeb","og_description":"PapazoWeb \u2014 Cria\u00e7\u00e3o de Sites Profissionais \ud83d\udee0\ufe0f Manuten\u00e7\u00e3o de Site WordPress Seu site seguro, r\u00e1pido e sempre funcionando \u2014 com Manuten\u00e7\u00e3o Mensal WordPress N\u00e3o deixe seu site parar de funcionar, ser invadido ou ficar desatualizado. Com nosso servi\u00e7o de manuten\u00e7\u00e3o mensal, cuidamos de tudo para que voc\u00ea foque no que realmente importa: o seu neg\u00f3cio. [&hellip;]","og_url":"https:\/\/papazoweb.com\/br\/manutencao-de-site-wordpress\/","og_site_name":"PapazoWeb","article_publisher":"https:\/\/www.facebook.com\/papazoweb","article_modified_time":"2026-03-12T14:02:20+00:00","twitter_card":"summary_large_image","twitter_misc":{"Est. tempo de leitura":"3 minutos"},"schema":{"@context":"https:\/\/schema.org","@graph":[{"@type":"WebPage","@id":"https:\/\/papazoweb.com\/br\/manutencao-de-site-wordpress\/","url":"https:\/\/papazoweb.com\/br\/manutencao-de-site-wordpress\/","name":"Manuten\u00e7\u00e3o de Site WordPress - PapazoWeb","isPartOf":{"@id":"https:\/\/papazoweb.com\/br\/#website"},"datePublished":"2026-03-12T13:57:55+00:00","dateModified":"2026-03-12T14:02:20+00:00","breadcrumb":{"@id":"https:\/\/papazoweb.com\/br\/manutencao-de-site-wordpress\/#breadcrumb"},"inLanguage":"pt-BR","potentialAction":[{"@type":"ReadAction","target":["https:\/\/papazoweb.com\/br\/manutencao-de-site-wordpress\/"]}]},{"@type":"BreadcrumbList","@id":"https:\/\/papazoweb.com\/br\/manutencao-de-site-wordpress\/#breadcrumb","itemListElement":[{"@type":"ListItem","position":1,"name":"In\u00edcio","item":"https:\/\/papazoweb.com\/br\/"},{"@type":"ListItem","position":2,"name":"Manuten\u00e7\u00e3o de Site WordPress"}]},{"@type":"WebSite","@id":"https:\/\/papazoweb.com\/br\/#website","url":"https:\/\/papazoweb.com\/br\/","name":"PapazoWeb","description":"","publisher":{"@id":"https:\/\/papazoweb.com\/br\/#organization"},"potentialAction":[{"@type":"SearchAction","target":{"@type":"EntryPoint","urlTemplate":"https:\/\/papazoweb.com\/br\/?s={search_term_string}"},"query-input":{"@type":"PropertyValueSpecification","valueRequired":true,"valueName":"search_term_string"}}],"inLanguage":"pt-BR"},{"@type":"Organization","@id":"https:\/\/papazoweb.com\/br\/#organization","name":"PapazoWeb","url":"https:\/\/papazoweb.com\/br\/","logo":{"@type":"ImageObject","inLanguage":"pt-BR","@id":"https:\/\/papazoweb.com\/br\/#\/schema\/logo\/image\/","url":"https:\/\/papazoweb.com\/br\/wp-content\/uploads\/2025\/07\/papazoweb.png","contentUrl":"https:\/\/papazoweb.com\/br\/wp-content\/uploads\/2025\/07\/papazoweb.png","width":512,"height":512,"caption":"PapazoWeb"},"image":{"@id":"https:\/\/papazoweb.com\/br\/#\/schema\/logo\/image\/"},"sameAs":["https:\/\/www.facebook.com\/papazoweb","https:\/\/www.instagram.com\/rafael.martin_webdesigner\/"]}]}},"_links":{"self":[{"href":"https:\/\/papazoweb.com\/br\/wp-json\/wp\/v2\/pages\/7921","targetHints":{"allow":["GET"]}}],"collection":[{"href":"https:\/\/papazoweb.com\/br\/wp-json\/wp\/v2\/pages"}],"about":[{"href":"https:\/\/papazoweb.com\/br\/wp-json\/wp\/v2\/types\/page"}],"author":[{"embeddable":true,"href":"https:\/\/papazoweb.com\/br\/wp-json\/wp\/v2\/users\/1"}],"replies":[{"embeddable":true,"href":"https:\/\/papazoweb.com\/br\/wp-json\/wp\/v2\/comments?post=7921"}],"version-history":[{"count":7,"href":"https:\/\/papazoweb.com\/br\/wp-json\/wp\/v2\/pages\/7921\/revisions"}],"predecessor-version":[{"id":7928,"href":"https:\/\/papazoweb.com\/br\/wp-json\/wp\/v2\/pages\/7921\/revisions\/7928"}],"wp:attachment":[{"href":"https:\/\/papazoweb.com\/br\/wp-json\/wp\/v2\/media?parent=7921"}],"curies":[{"name":"wp","href":"https:\/\/api.w.org\/{rel}","templated":true}]}}