{"id":864,"date":"2025-07-18T18:05:02","date_gmt":"2025-07-18T22:05:02","guid":{"rendered":"https:\/\/papazoweb.com\/cl\/?page_id=864"},"modified":"2025-07-18T18:06:58","modified_gmt":"2025-07-18T22:06:58","slug":"politica-de-cookies","status":"publish","type":"page","link":"https:\/\/papazoweb.com\/cl\/politica-de-cookies\/","title":{"rendered":"Pol\u00edtica de cookies"},"content":{"rendered":"\t\t<div data-elementor-type=\"wp-page\" data-elementor-id=\"864\" class=\"elementor elementor-864\" data-elementor-post-type=\"page\">\n\t\t\t\t<div class=\"elementor-element elementor-element-853bfdb e-flex e-con-boxed e-con e-parent\" data-id=\"853bfdb\" data-element_type=\"container\">\n\t\t\t\t\t<div class=\"e-con-inner\">\n\t\t\t\t<div class=\"elementor-element elementor-element-920ea15 elementor-widget elementor-widget-heading\" data-id=\"920ea15\" data-element_type=\"widget\" data-widget_type=\"heading.default\">\n\t\t\t\t\t<h1 class=\"elementor-heading-title elementor-size-default\">Pol\u00edtica de Cookies<\/h1>\t\t\t\t<\/div>\n\t\t\t\t<div class=\"elementor-element elementor-element-f81e1bd elementor-widget elementor-widget-text-editor\" data-id=\"f81e1bd\" data-element_type=\"widget\" data-widget_type=\"text-editor.default\">\n\t\t\t\t\t\t\t\t\t<p data-start=\"176\" data-end=\"221\"><strong data-start=\"176\" data-end=\"221\">\u00daltima actualizaci\u00f3n: 18 de julio de 2025<\/strong><\/p><hr data-start=\"223\" data-end=\"226\" \/><h4 data-start=\"228\" data-end=\"257\">1. \u00bfQu\u00e9 son las cookies?<\/h4><p data-start=\"259\" data-end=\"480\">Las cookies son peque\u00f1os archivos de texto que se almacenan en tu navegador cuando visitas un sitio web. Ayudan a que el sitio funcione correctamente, mejoran tu experiencia y permiten recopilar informaci\u00f3n para an\u00e1lisis.<\/p><hr data-start=\"482\" data-end=\"485\" \/><h4 data-start=\"487\" data-end=\"519\">2. \u00bfQu\u00e9 cookies utilizamos?<\/h4><p data-start=\"521\" data-end=\"581\">En papazoweb.com utilizamos los siguientes tipos de cookies:<\/p><ul data-start=\"583\" data-end=\"927\"><li data-start=\"583\" data-end=\"660\"><p data-start=\"585\" data-end=\"660\"><strong data-start=\"585\" data-end=\"608\">Cookies esenciales:<\/strong> necesarias para el funcionamiento b\u00e1sico del sitio.<\/p><\/li><li data-start=\"662\" data-end=\"927\"><p data-start=\"664\" data-end=\"927\"><strong data-start=\"664\" data-end=\"707\">Cookies de terceros (Google Analytics):<\/strong> utilizadas para recopilar informaci\u00f3n an\u00f3nima sobre c\u00f3mo los visitantes usan el sitio, como n\u00famero de visitantes, p\u00e1ginas visitadas y tiempo de permanencia. Estos datos nos ayudan a mejorar el contenido y los servicios.<\/p><\/li><\/ul><hr data-start=\"929\" data-end=\"932\" \/><h4 data-start=\"934\" data-end=\"966\">3. Finalidad de las cookies<\/h4><p data-start=\"968\" data-end=\"993\">Las cookies se usan para:<\/p><ul data-start=\"995\" data-end=\"1147\"><li data-start=\"995\" data-end=\"1045\"><p data-start=\"997\" data-end=\"1045\">Garantizar el correcto funcionamiento del sitio.<\/p><\/li><li data-start=\"1047\" data-end=\"1147\"><p data-start=\"1049\" data-end=\"1147\">Analizar el tr\u00e1fico y el comportamiento de los visitantes para mejorar la experiencia del usuario.<\/p><\/li><\/ul><hr data-start=\"1149\" data-end=\"1152\" \/><h4 data-start=\"1154\" data-end=\"1186\">4. Consentimiento y control<\/h4><p data-start=\"1188\" data-end=\"1290\">Al continuar navegando en papazoweb.com, aceptas el uso de cookies seg\u00fan lo descrito en esta pol\u00edtica.<\/p><p data-start=\"1292\" data-end=\"1444\">Puedes controlar o desactivar las cookies en la configuraci\u00f3n de tu navegador. A continuaci\u00f3n, te indicamos c\u00f3mo hacerlo en algunos navegadores comunes:<\/p><ul data-start=\"1446\" data-end=\"1765\"><li data-start=\"1446\" data-end=\"1541\"><p data-start=\"1448\" data-end=\"1541\"><strong data-start=\"1448\" data-end=\"1466\">Google Chrome:<\/strong> Configuraci\u00f3n &gt; Privacidad y seguridad &gt; Cookies y otros datos del sitio<\/p><\/li><li data-start=\"1542\" data-end=\"1628\"><p data-start=\"1544\" data-end=\"1628\"><strong data-start=\"1544\" data-end=\"1564\">Mozilla Firefox:<\/strong> Opciones &gt; Privacidad y seguridad &gt; Cookies y datos del sitio<\/p><\/li><li data-start=\"1629\" data-end=\"1697\"><p data-start=\"1631\" data-end=\"1697\"><strong data-start=\"1631\" data-end=\"1650\">Microsoft Edge:<\/strong> Configuraci\u00f3n &gt; Cookies y permisos del sitio<\/p><\/li><li data-start=\"1698\" data-end=\"1765\"><p data-start=\"1700\" data-end=\"1765\"><strong data-start=\"1700\" data-end=\"1711\">Safari:<\/strong> Preferencias &gt; Privacidad &gt; Gestionar datos del sitio<\/p><\/li><\/ul><hr data-start=\"1767\" data-end=\"1770\" \/><h4 data-start=\"1772\" data-end=\"1819\">5. Consecuencias de desactivar las cookies<\/h4><p data-start=\"1821\" data-end=\"1999\">Desactivar las cookies puede limitar algunas funcionalidades del sitio y afectar la recopilaci\u00f3n de datos para el an\u00e1lisis del tr\u00e1fico, dificultando la mejora continua del sitio.<\/p><hr data-start=\"2001\" data-end=\"2004\" \/><h4 data-start=\"2006\" data-end=\"2046\">6. Actualizaciones de esta pol\u00edtica<\/h4><p data-start=\"2048\" data-end=\"2202\">Podemos actualizar esta pol\u00edtica para reflejar cambios en nuestras pr\u00e1cticas o en la legislaci\u00f3n vigente. Recomendamos revisar esta p\u00e1gina peri\u00f3dicamente.<\/p><hr data-start=\"2204\" data-end=\"2207\" \/><h4 data-start=\"2209\" data-end=\"2225\">7. Contacto<\/h4><p data-start=\"2227\" data-end=\"2330\">Si tienes alguna pregunta sobre nuestra Pol\u00edtica de Cookies, cont\u00e1ctanos en: <strong data-start=\"2304\" data-end=\"2330\"><a class=\"cursor-pointer\" rel=\"noopener\" data-start=\"2306\" data-end=\"2328\">contacto@papazoweb.com<\/a><\/strong><\/p>\t\t\t\t\t\t\t\t<\/div>\n\t\t\t\t\t<\/div>\n\t\t\t\t<\/div>\n\t\t\t\t<\/div>\n\t\t","protected":false},"excerpt":{"rendered":"<p>Pol\u00edtica de Cookies \u00daltima actualizaci\u00f3n: 18 de julio de 2025 1. \u00bfQu\u00e9 son las cookies? Las cookies son peque\u00f1os archivos de texto que se almacenan en tu navegador cuando visitas un sitio web. Ayudan a que el sitio funcione correctamente, mejoran tu experiencia y permiten recopilar informaci\u00f3n para an\u00e1lisis. 2. \u00bfQu\u00e9 cookies utilizamos? En papazoweb.com [&hellip;]<\/p>\n","protected":false},"author":1,"featured_media":0,"parent":0,"menu_order":0,"comment_status":"closed","ping_status":"closed","template":"","meta":{"_joinchat":[],"footnotes":""},"class_list":["post-864","page","type-page","status-publish","hentry"],"yoast_head":"<!-- This site is optimized with the Yoast SEO plugin v25.4 - https:\/\/yoast.com\/wordpress\/plugins\/seo\/ -->\n<title>Pol\u00edtica de cookies - PapazoWeb<\/title>\n<meta name=\"robots\" content=\"index, follow, max-snippet:-1, max-image-preview:large, max-video-preview:-1\" \/>\n<link rel=\"canonical\" href=\"https:\/\/papazoweb.com\/cl\/politica-de-cookies\/\" \/>\n<meta property=\"og:locale\" content=\"es_ES\" \/>\n<meta property=\"og:type\" content=\"article\" \/>\n<meta property=\"og:title\" content=\"Pol\u00edtica de cookies - PapazoWeb\" \/>\n<meta property=\"og:description\" content=\"Pol\u00edtica de Cookies \u00daltima actualizaci\u00f3n: 18 de julio de 2025 1. \u00bfQu\u00e9 son las cookies? Las cookies son peque\u00f1os archivos de texto que se almacenan en tu navegador cuando visitas un sitio web. Ayudan a que el sitio funcione correctamente, mejoran tu experiencia y permiten recopilar informaci\u00f3n para an\u00e1lisis. 2. \u00bfQu\u00e9 cookies utilizamos? En papazoweb.com [&hellip;]\" \/>\n<meta property=\"og:url\" content=\"https:\/\/papazoweb.com\/cl\/politica-de-cookies\/\" \/>\n<meta property=\"og:site_name\" content=\"PapazoWeb\" \/>\n<meta property=\"article:modified_time\" content=\"2025-07-18T22:06:58+00:00\" \/>\n<meta name=\"twitter:card\" content=\"summary_large_image\" \/>\n<meta name=\"twitter:label1\" content=\"Tiempo estimado de lectura\" \/>\n\t<meta name=\"twitter:data1\" content=\"2 minutos\" \/>\n<script type=\"application\/ld+json\" class=\"yoast-schema-graph\">{\"@context\":\"https:\/\/schema.org\",\"@graph\":[{\"@type\":\"WebPage\",\"@id\":\"https:\/\/papazoweb.com\/cl\/politica-de-cookies\/\",\"url\":\"https:\/\/papazoweb.com\/cl\/politica-de-cookies\/\",\"name\":\"Pol\u00edtica de cookies - PapazoWeb\",\"isPartOf\":{\"@id\":\"https:\/\/papazoweb.com\/cl\/#website\"},\"datePublished\":\"2025-07-18T22:05:02+00:00\",\"dateModified\":\"2025-07-18T22:06:58+00:00\",\"breadcrumb\":{\"@id\":\"https:\/\/papazoweb.com\/cl\/politica-de-cookies\/#breadcrumb\"},\"inLanguage\":\"es-CL\",\"potentialAction\":[{\"@type\":\"ReadAction\",\"target\":[\"https:\/\/papazoweb.com\/cl\/politica-de-cookies\/\"]}]},{\"@type\":\"BreadcrumbList\",\"@id\":\"https:\/\/papazoweb.com\/cl\/politica-de-cookies\/#breadcrumb\",\"itemListElement\":[{\"@type\":\"ListItem\",\"position\":1,\"name\":\"Home\",\"item\":\"https:\/\/papazoweb.com\/cl\/\"},{\"@type\":\"ListItem\",\"position\":2,\"name\":\"Pol\u00edtica de cookies\"}]},{\"@type\":\"WebSite\",\"@id\":\"https:\/\/papazoweb.com\/cl\/#website\",\"url\":\"https:\/\/papazoweb.com\/cl\/\",\"name\":\"PapazoWeb\",\"description\":\"\",\"publisher\":{\"@id\":\"https:\/\/papazoweb.com\/cl\/#organization\"},\"potentialAction\":[{\"@type\":\"SearchAction\",\"target\":{\"@type\":\"EntryPoint\",\"urlTemplate\":\"https:\/\/papazoweb.com\/cl\/?s={search_term_string}\"},\"query-input\":{\"@type\":\"PropertyValueSpecification\",\"valueRequired\":true,\"valueName\":\"search_term_string\"}}],\"inLanguage\":\"es-CL\"},{\"@type\":\"Organization\",\"@id\":\"https:\/\/papazoweb.com\/cl\/#organization\",\"name\":\"PapazoWeb\",\"url\":\"https:\/\/papazoweb.com\/cl\/\",\"logo\":{\"@type\":\"ImageObject\",\"inLanguage\":\"es-CL\",\"@id\":\"https:\/\/papazoweb.com\/cl\/#\/schema\/logo\/image\/\",\"url\":\"https:\/\/papazoweb.com\/cl\/wp-content\/uploads\/2025\/06\/cropped-papazoweb.png\",\"contentUrl\":\"https:\/\/papazoweb.com\/cl\/wp-content\/uploads\/2025\/06\/cropped-papazoweb.png\",\"width\":512,\"height\":512,\"caption\":\"PapazoWeb\"},\"image\":{\"@id\":\"https:\/\/papazoweb.com\/cl\/#\/schema\/logo\/image\/\"}}]}<\/script>\n<!-- \/ Yoast SEO plugin. -->","yoast_head_json":{"title":"Pol\u00edtica de cookies - PapazoWeb","robots":{"index":"index","follow":"follow","max-snippet":"max-snippet:-1","max-image-preview":"max-image-preview:large","max-video-preview":"max-video-preview:-1"},"canonical":"https:\/\/papazoweb.com\/cl\/politica-de-cookies\/","og_locale":"es_ES","og_type":"article","og_title":"Pol\u00edtica de cookies - PapazoWeb","og_description":"Pol\u00edtica de Cookies \u00daltima actualizaci\u00f3n: 18 de julio de 2025 1. \u00bfQu\u00e9 son las cookies? Las cookies son peque\u00f1os archivos de texto que se almacenan en tu navegador cuando visitas un sitio web. Ayudan a que el sitio funcione correctamente, mejoran tu experiencia y permiten recopilar informaci\u00f3n para an\u00e1lisis. 2. \u00bfQu\u00e9 cookies utilizamos? En papazoweb.com [&hellip;]","og_url":"https:\/\/papazoweb.com\/cl\/politica-de-cookies\/","og_site_name":"PapazoWeb","article_modified_time":"2025-07-18T22:06:58+00:00","twitter_card":"summary_large_image","twitter_misc":{"Tiempo estimado de lectura":"2 minutos"},"schema":{"@context":"https:\/\/schema.org","@graph":[{"@type":"WebPage","@id":"https:\/\/papazoweb.com\/cl\/politica-de-cookies\/","url":"https:\/\/papazoweb.com\/cl\/politica-de-cookies\/","name":"Pol\u00edtica de cookies - PapazoWeb","isPartOf":{"@id":"https:\/\/papazoweb.com\/cl\/#website"},"datePublished":"2025-07-18T22:05:02+00:00","dateModified":"2025-07-18T22:06:58+00:00","breadcrumb":{"@id":"https:\/\/papazoweb.com\/cl\/politica-de-cookies\/#breadcrumb"},"inLanguage":"es-CL","potentialAction":[{"@type":"ReadAction","target":["https:\/\/papazoweb.com\/cl\/politica-de-cookies\/"]}]},{"@type":"BreadcrumbList","@id":"https:\/\/papazoweb.com\/cl\/politica-de-cookies\/#breadcrumb","itemListElement":[{"@type":"ListItem","position":1,"name":"Home","item":"https:\/\/papazoweb.com\/cl\/"},{"@type":"ListItem","position":2,"name":"Pol\u00edtica de cookies"}]},{"@type":"WebSite","@id":"https:\/\/papazoweb.com\/cl\/#website","url":"https:\/\/papazoweb.com\/cl\/","name":"PapazoWeb","description":"","publisher":{"@id":"https:\/\/papazoweb.com\/cl\/#organization"},"potentialAction":[{"@type":"SearchAction","target":{"@type":"EntryPoint","urlTemplate":"https:\/\/papazoweb.com\/cl\/?s={search_term_string}"},"query-input":{"@type":"PropertyValueSpecification","valueRequired":true,"valueName":"search_term_string"}}],"inLanguage":"es-CL"},{"@type":"Organization","@id":"https:\/\/papazoweb.com\/cl\/#organization","name":"PapazoWeb","url":"https:\/\/papazoweb.com\/cl\/","logo":{"@type":"ImageObject","inLanguage":"es-CL","@id":"https:\/\/papazoweb.com\/cl\/#\/schema\/logo\/image\/","url":"https:\/\/papazoweb.com\/cl\/wp-content\/uploads\/2025\/06\/cropped-papazoweb.png","contentUrl":"https:\/\/papazoweb.com\/cl\/wp-content\/uploads\/2025\/06\/cropped-papazoweb.png","width":512,"height":512,"caption":"PapazoWeb"},"image":{"@id":"https:\/\/papazoweb.com\/cl\/#\/schema\/logo\/image\/"}}]}},"_links":{"self":[{"href":"https:\/\/papazoweb.com\/cl\/wp-json\/wp\/v2\/pages\/864","targetHints":{"allow":["GET"]}}],"collection":[{"href":"https:\/\/papazoweb.com\/cl\/wp-json\/wp\/v2\/pages"}],"about":[{"href":"https:\/\/papazoweb.com\/cl\/wp-json\/wp\/v2\/types\/page"}],"author":[{"embeddable":true,"href":"https:\/\/papazoweb.com\/cl\/wp-json\/wp\/v2\/users\/1"}],"replies":[{"embeddable":true,"href":"https:\/\/papazoweb.com\/cl\/wp-json\/wp\/v2\/comments?post=864"}],"version-history":[{"count":4,"href":"https:\/\/papazoweb.com\/cl\/wp-json\/wp\/v2\/pages\/864\/revisions"}],"predecessor-version":[{"id":868,"href":"https:\/\/papazoweb.com\/cl\/wp-json\/wp\/v2\/pages\/864\/revisions\/868"}],"wp:attachment":[{"href":"https:\/\/papazoweb.com\/cl\/wp-json\/wp\/v2\/media?parent=864"}],"curies":[{"name":"wp","href":"https:\/\/api.w.org\/{rel}","templated":true}]}}